{"id":148,"date":"2017-01-24T15:37:36","date_gmt":"2017-01-24T14:37:36","guid":{"rendered":"https:\/\/gwpolitoblog.wordpress.com\/?page_id=148"},"modified":"2021-10-08T17:11:59","modified_gmt":"2021-10-08T15:11:59","slug":"links","status":"publish","type":"page","link":"https:\/\/areeweb.polito.it\/ricerca\/groundwater\/it\/links\/","title":{"rendered":"Link"},"content":{"rendered":"<div data-elementor-type=\"wp-page\" data-elementor-id=\"148\" class=\"elementor elementor-148\">\n\t\t\t\t\t\t<div class=\"elementor-inner\">\n\t\t\t\t<div class=\"elementor-section-wrap\">\n\t\t\t\t\t\t\t\t\t<section class=\"elementor-section elementor-top-section elementor-element elementor-element-9ed1d51 elementor-section-stretched elementor-section-boxed elementor-section-height-default elementor-section-height-default\" data-id=\"9ed1d51\" data-element_type=\"section\" data-settings=\"{&quot;background_background&quot;:&quot;classic&quot;,&quot;shape_divider_bottom&quot;:&quot;mountains&quot;,&quot;stretch_section&quot;:&quot;section-stretched&quot;}\">\n\t\t\t\t\t\t\t<div class=\"elementor-background-overlay\"><\/div>\n\t\t\t\t\t\t<div class=\"elementor-shape elementor-shape-bottom\" data-negative=\"false\">\n\t\t\t<svg xmlns=\"http:\/\/www.w3.org\/2000\/svg\" viewbox=\"0 0 1000 100\" preserveaspectratio=\"none\">\n\t<path class=\"elementor-shape-fill\" opacity=\"0.33\" d=\"M473,67.3c-203.9,88.3-263.1-34-320.3,0C66,119.1,0,59.7,0,59.7V0h1000v59.7 c0,0-62.1,26.1-94.9,29.3c-32.8,3.3-62.8-12.3-75.8-22.1C806,49.6,745.3,8.7,694.9,4.7S492.4,59,473,67.3z\"\/>\n\t<path class=\"elementor-shape-fill\" opacity=\"0.66\" d=\"M734,67.3c-45.5,0-77.2-23.2-129.1-39.1c-28.6-8.7-150.3-10.1-254,39.1 s-91.7-34.4-149.2,0C115.7,118.3,0,39.8,0,39.8V0h1000v36.5c0,0-28.2-18.5-92.1-18.5C810.2,18.1,775.7,67.3,734,67.3z\"\/>\n\t<path class=\"elementor-shape-fill\" d=\"M766.1,28.9c-200-57.5-266,65.5-395.1,19.5C242,1.8,242,5.4,184.8,20.6C128,35.8,132.3,44.9,89.9,52.5C28.6,63.7,0,0,0,0 h1000c0,0-9.9,40.9-83.6,48.1S829.6,47,766.1,28.9z\"\/>\n<\/svg>\t\t<\/div>\n\t\t\t\t\t<div class=\"elementor-container elementor-column-gap-default\">\n\t\t\t\t\t\t\t<div class=\"elementor-row\">\n\t\t\t\t\t<div class=\"elementor-column elementor-col-100 elementor-top-column elementor-element elementor-element-e47c59c\" data-id=\"e47c59c\" data-element_type=\"column\" data-settings=\"{&quot;background_background&quot;:&quot;classic&quot;}\">\n\t\t\t<div class=\"elementor-column-wrap elementor-element-populated\">\n\t\t\t\t\t\t\t<div class=\"elementor-widget-wrap\">\n\t\t\t\t\t\t<div class=\"elementor-element elementor-element-7b77c71 elementor-widget elementor-widget-heading\" data-id=\"7b77c71\" data-element_type=\"widget\" data-widget_type=\"heading.default\">\n\t\t\t\t<div class=\"elementor-widget-container\">\n\t\t\t<h6 class=\"elementor-heading-title elementor-size-default\">Universit\u00e0 e istituti di ricerca<\/h6>\t\t<\/div>\n\t\t\t\t<\/div>\n\t\t\t\t<div class=\"elementor-element elementor-element-6748299 elementor-widget-divider--view-line elementor-widget elementor-widget-divider\" data-id=\"6748299\" data-element_type=\"widget\" data-widget_type=\"divider.default\">\n\t\t\t\t<div class=\"elementor-widget-container\">\n\t\t\t\t\t<div class=\"elementor-divider\">\n\t\t\t<span class=\"elementor-divider-separator\">\n\t\t\t\t\t\t<\/span>\n\t\t<\/div>\n\t\t\t\t<\/div>\n\t\t\t\t<\/div>\n\t\t\t\t<div class=\"elementor-element elementor-element-e272ee3 elementor-widget elementor-widget-text-editor\" data-id=\"e272ee3\" data-element_type=\"widget\" data-widget_type=\"text-editor.default\">\n\t\t\t\t<div class=\"elementor-widget-container\">\n\t\t\t\t\t\t\t\t<div class=\"elementor-text-editor elementor-clearfix\">\n\t\t\t\t<p><a href=\"http:\/\/www.diati.polito.it\/\" target=\"_blank\" rel=\"noopener\">DIATI<\/a> Sito ufficiale del <span id=\"titolo_pagina_1\">Dipartimento di Ingegneria dell'Ambiente, del Territorio e delle Infrastrutture <\/span>del Politecnico di Torino.<\/p><p><a href=\"http:\/\/www.corila.it\/\" target=\"_blank\" rel=\"noopener\">CORILA<\/a> Il consorzio per il coordinamento delle attivit\u00e0 di ricerca nella laguna di Venezia che si occupa del monitoraggio ambientale delle attivit\u00e0 dei cantieri del MOSE, a cui partecipa il nostro gruppo.<\/p>\t\t\t\t\t<\/div>\n\t\t\t\t\t\t<\/div>\n\t\t\t\t<\/div>\n\t\t\t\t<div class=\"elementor-element elementor-element-a74550e elementor-widget elementor-widget-heading\" data-id=\"a74550e\" data-element_type=\"widget\" data-widget_type=\"heading.default\">\n\t\t\t\t<div class=\"elementor-widget-container\">\n\t\t\t<h6 class=\"elementor-heading-title elementor-size-default\">Associazioni<\/h6>\t\t<\/div>\n\t\t\t\t<\/div>\n\t\t\t\t<div class=\"elementor-element elementor-element-2c6bf81 elementor-widget-divider--view-line elementor-widget elementor-widget-divider\" data-id=\"2c6bf81\" data-element_type=\"widget\" data-widget_type=\"divider.default\">\n\t\t\t\t<div class=\"elementor-widget-container\">\n\t\t\t\t\t<div class=\"elementor-divider\">\n\t\t\t<span class=\"elementor-divider-separator\">\n\t\t\t\t\t\t<\/span>\n\t\t<\/div>\n\t\t\t\t<\/div>\n\t\t\t\t<\/div>\n\t\t\t\t<div class=\"elementor-element elementor-element-ae4218b elementor-widget elementor-widget-text-editor\" data-id=\"ae4218b\" data-element_type=\"widget\" data-widget_type=\"text-editor.default\">\n\t\t\t\t<div class=\"elementor-widget-container\">\n\t\t\t\t\t\t\t\t<div class=\"elementor-text-editor elementor-clearfix\">\n\t\t\t\t<p><a href=\"https:\/\/www.geam.org\/\" target=\"_blank\" rel=\"noopener\">GEAM<\/a> Associazione di ingegneria ambientale fondata al Politecnico di Torino che si occupa di pubblicare due riviste \u2013 GEAM (Geoingegneria Ambientale e Mineraria) e IGEA (Ingegneria e Geologia degli Acquiferi) \u2013 e organizzare diverse conferenze.<\/p><p><a href=\"http:\/\/www.anighp.it\/\" target=\"_blank\" rel=\"noopener\">ANIGHP<\/a> \u00e8 l'associazione italiana di installatori e progettisti di pompe di calore geotermiche che ha lo scopo di promuovere la diffusione di questa tecnologia in Italia.<\/p>\t\t\t\t\t<\/div>\n\t\t\t\t\t\t<\/div>\n\t\t\t\t<\/div>\n\t\t\t\t<div class=\"elementor-element elementor-element-e228141 elementor-widget elementor-widget-heading\" data-id=\"e228141\" data-element_type=\"widget\" data-widget_type=\"heading.default\">\n\t\t\t\t<div class=\"elementor-widget-container\">\n\t\t\t<h6 class=\"elementor-heading-title elementor-size-default\">Progetti di ricerca<\/h6>\t\t<\/div>\n\t\t\t\t<\/div>\n\t\t\t\t<div class=\"elementor-element elementor-element-db19fb7 elementor-widget-divider--view-line elementor-widget elementor-widget-divider\" data-id=\"db19fb7\" data-element_type=\"widget\" data-widget_type=\"divider.default\">\n\t\t\t\t<div class=\"elementor-widget-container\">\n\t\t\t\t\t<div class=\"elementor-divider\">\n\t\t\t<span class=\"elementor-divider-separator\">\n\t\t\t\t\t\t<\/span>\n\t\t<\/div>\n\t\t\t\t<\/div>\n\t\t\t\t<\/div>\n\t\t\t\t<div class=\"elementor-element elementor-element-5fedeb8 elementor-widget elementor-widget-text-editor\" data-id=\"5fedeb8\" data-element_type=\"widget\" data-widget_type=\"text-editor.default\">\n\t\t\t\t<div class=\"elementor-widget-container\">\n\t\t\t\t\t\t\t\t<div class=\"elementor-text-editor elementor-clearfix\">\n\t\t\t\t<p><a href=\"http:\/\/www.alpine-space.eu\/projects\/greta\/en\/home\" target=\"_blank\" rel=\"noopener\">GRETA<\/a> \u00e8 un progetto di cooperazione fondato da INTERREG Alpine Space 2014-2020. Lo scopo principale di GRETA \u00e8 quello di promuovere la diffusione di energia geotermica in prossimit\u00e0 della superficie (NSGE) nelle regioni alpine.<\/p><p><a href=\"http:\/\/www.nanorem.eu\/\" target=\"_blank\" rel=\"noopener\">NanoRem<\/a> (Taking Nanotechnological Remediation Processes from Lab Scale to End User Applications for the Restoration of a Clean Environment) \u00e8 un progetto di ricerca finanziato dalla Commissione Europea FP7. Ha l\u2019obiettivo di facilitare lo sfruttamento pratico, sicuro ed economico delle nanotecnologie per la bonifica in situ.<\/p><p><a href=\"http:\/\/reground-project.eu\/\" target=\"_blank\" rel=\"noopener\">REGROUND<\/a> \u00e8 un progetto finanziato dal Programma di Ricerca e Innovazione Horizon 2020 dell\u2019Unione Europea. Il progetto REGROUND si incentra sullo sviluppo di tecnologie innovative a basso costo per la prevenzione di emissioni provenienti da siti contaminati o per la rimozione dei contaminanti da zone di filtrazione subalvea.<\/p><p><a href=\"https:\/\/aquarehab.vito.be\/home\/Pages\/home.aspx\" target=\"_blank\" rel=\"noopener\">AQUAREHAB<\/a> \u00e8 un progetto di ricerca su larga scala finanziato dall\u2019UE e coordinato da VITO. Il progetto ha l\u2019obiettivo di sviluppare tecnologie innovative di riabilitazione del suolo, delle acque di falda e di superficie per la bonifica di sistemi d\u2019acqua altamente contaminati.<\/p><p><\/p>\t\t\t\t\t<\/div>\n\t\t\t\t\t\t<\/div>\n\t\t\t\t<\/div>\n\t\t\t\t<div class=\"elementor-element elementor-element-c8e8e32 elementor-widget elementor-widget-heading\" data-id=\"c8e8e32\" data-element_type=\"widget\" data-widget_type=\"heading.default\">\n\t\t\t\t<div class=\"elementor-widget-container\">\n\t\t\t<h6 class=\"elementor-heading-title elementor-size-default\">Forum, comunit\u00e0, software<\/h6>\t\t<\/div>\n\t\t\t\t<\/div>\n\t\t\t\t<div class=\"elementor-element elementor-element-b550b6d elementor-widget-divider--view-line elementor-widget elementor-widget-divider\" data-id=\"b550b6d\" data-element_type=\"widget\" data-widget_type=\"divider.default\">\n\t\t\t\t<div class=\"elementor-widget-container\">\n\t\t\t\t\t<div class=\"elementor-divider\">\n\t\t\t<span class=\"elementor-divider-separator\">\n\t\t\t\t\t\t<\/span>\n\t\t<\/div>\n\t\t\t\t<\/div>\n\t\t\t\t<\/div>\n\t\t\t\t<div class=\"elementor-element elementor-element-6b13ca5 elementor-widget elementor-widget-text-editor\" data-id=\"6b13ca5\" data-element_type=\"widget\" data-widget_type=\"text-editor.default\">\n\t\t\t\t<div class=\"elementor-widget-container\">\n\t\t\t\t\t\t\t\t<div class=\"elementor-text-editor elementor-clearfix\">\n\t\t\t\t<p><a href=\"http:\/\/www.feflow.info\/\" target=\"_blank\" rel=\"noopener\">FEFLOW<\/a> Sito ufficiale (e forum) del famoso codice di elementi finiti usato nella modellazione di acque sotterranee.<\/p><p><a href=\"http:\/\/www.geologi.it\/\" target=\"_blank\" rel=\"noopener\">GEOLOGI.IT<\/a> Forum italiano di geologi e idrogeologi.<\/p><p><a href=\"http:\/\/www.mathworks.com\/matlabcentral\/\" target=\"_blank\" rel=\"noopener\">Matlab Central<\/a> Forum che fornisce aiuto su Matlab e che carica file con estensione .m<\/p>\t\t\t\t\t<\/div>\n\t\t\t\t\t\t<\/div>\n\t\t\t\t<\/div>\n\t\t\t\t<div class=\"elementor-element elementor-element-a481789 elementor-widget elementor-widget-heading\" data-id=\"a481789\" data-element_type=\"widget\" data-widget_type=\"heading.default\">\n\t\t\t\t<div class=\"elementor-widget-container\">\n\t\t\t<h6 class=\"elementor-heading-title elementor-size-default\">Altri<\/h6>\t\t<\/div>\n\t\t\t\t<\/div>\n\t\t\t\t<div class=\"elementor-element elementor-element-586d76a elementor-widget-divider--view-line elementor-widget elementor-widget-divider\" data-id=\"586d76a\" data-element_type=\"widget\" data-widget_type=\"divider.default\">\n\t\t\t\t<div class=\"elementor-widget-container\">\n\t\t\t\t\t<div class=\"elementor-divider\">\n\t\t\t<span class=\"elementor-divider-separator\">\n\t\t\t\t\t\t<\/span>\n\t\t<\/div>\n\t\t\t\t<\/div>\n\t\t\t\t<\/div>\n\t\t\t\t<div class=\"elementor-element elementor-element-28faba3 elementor-widget elementor-widget-text-editor\" data-id=\"28faba3\" data-element_type=\"widget\" data-widget_type=\"text-editor.default\">\n\t\t\t\t<div class=\"elementor-widget-container\">\n\t\t\t\t\t\t\t\t<div class=\"elementor-text-editor elementor-clearfix\">\n\t\t\t\t<p><a href=\"http:\/\/www.ecosia.org\/\" target=\"_blank\" rel=\"noopener\">Ecosia<\/a> Motore di ricerca basato su Yahoo e Bing che dona l'80% dei suoi profitti a progetti del WWF per la salvaguardia della foresta amazzonica.<\/p>\t\t\t\t\t<\/div>\n\t\t\t\t\t\t<\/div>\n\t\t\t\t<\/div>\n\t\t\t\t<div class=\"elementor-element elementor-element-eb2fda8 elementor-widget elementor-widget-heading\" data-id=\"eb2fda8\" data-element_type=\"widget\" data-widget_type=\"heading.default\">\n\t\t\t\t<div class=\"elementor-widget-container\">\n\t\t\t<h6 class=\"elementor-heading-title elementor-size-default\">Riconoscimenti<\/h6>\t\t<\/div>\n\t\t\t\t<\/div>\n\t\t\t\t<div class=\"elementor-element elementor-element-3133cb9 elementor-widget-divider--view-line elementor-widget elementor-widget-divider\" data-id=\"3133cb9\" data-element_type=\"widget\" data-widget_type=\"divider.default\">\n\t\t\t\t<div class=\"elementor-widget-container\">\n\t\t\t\t\t<div class=\"elementor-divider\">\n\t\t\t<span class=\"elementor-divider-separator\">\n\t\t\t\t\t\t<\/span>\n\t\t<\/div>\n\t\t\t\t<\/div>\n\t\t\t\t<\/div>\n\t\t\t\t<div class=\"elementor-element elementor-element-a211590 elementor-widget elementor-widget-text-editor\" data-id=\"a211590\" data-element_type=\"widget\" data-widget_type=\"text-editor.default\">\n\t\t\t\t<div class=\"elementor-widget-container\">\n\t\t\t\t\t\t\t\t<div class=\"elementor-text-editor elementor-clearfix\">\n\t\t\t\t<p><a href=\"https:\/\/designprode.eu\/portfolio\/gw\/\" target=\"_blank\" rel=\"noopener\">GW logo<\/a> progettato da Matteo Zaghi dello studio <a href=\"https:\/\/designprode.eu\/\" target=\"_blank\" rel=\"noopener\">Design ProDe<\/a>, modificato da <a href=\"https:\/\/www.linkedin.com\/in\/mabel-papeo-28968a1b8\">Mabel Papeo<\/a><\/p><p>Creazione di contenuti e traduzione del sito: <a href=\"https:\/\/www.linkedin.com\/in\/sofia-credaro-867477194\/?originalSubdomain=it\">Sofia Credaro<\/a><\/p><p>Immagine di sfondo di <a href=\"https:\/\/www.instagram.com\/dmeyers503\/\" target=\"_blank\" rel=\"noopener\">Dan Mayers<\/a> scaricata da <a href=\"https:\/\/unsplash.com\/@dmey503\" target=\"_blank\" rel=\"noopener\">Unsplash<\/a><\/p>\t\t\t\t\t<\/div>\n\t\t\t\t\t\t<\/div>\n\t\t\t\t<\/div>\n\t\t\t\t\t\t<\/div>\n\t\t\t\t\t<\/div>\n\t\t<\/div>\n\t\t\t\t\t\t\t\t<\/div>\n\t\t\t\t\t<\/div>\n\t\t<\/section>\n\t\t\t\t\t\t\t\t\t<\/div>\n\t\t\t<\/div>\n\t\t\t\t\t<\/div>","protected":false},"excerpt":{"rendered":"<p>Universities and research institutions DIATI Official site of the Department of Environment, Land and Infrastructure Engineering of Politecnico di Torino. CORILA The Consortium for the coordination of research activities in the lagoon of Venice, which coordinates also the environmental monitoring activities in the MOSE building sites, to which our group [&hellip;]<\/p>","protected":false},"author":1,"featured_media":0,"parent":0,"menu_order":0,"comment_status":"closed","ping_status":"closed","template":"","meta":[],"yoast_head":"<!-- This site is optimized with the Yoast SEO plugin v19.11 - https:\/\/yoast.com\/wordpress\/plugins\/seo\/ -->\n<title>Links - Groundwater Engineering Research Group<\/title>\n<meta name=\"robots\" content=\"index, follow, max-snippet:-1, max-image-preview:large, max-video-preview:-1\" \/>\n<link rel=\"canonical\" href=\"https:\/\/areeweb.polito.it\/ricerca\/groundwater\/it\/links\/\" \/>\n<meta property=\"og:locale\" content=\"it_IT\" \/>\n<meta property=\"og:type\" content=\"article\" \/>\n<meta property=\"og:title\" content=\"Links - Groundwater Engineering Research Group\" \/>\n<meta property=\"og:description\" content=\"Universities and research institutions DIATI Official site of the Department of Environment, Land and Infrastructure Engineering of Politecnico di Torino. CORILA The Consortium for the coordination of research activities in the lagoon of Venice, which coordinates also the environmental monitoring activities in the MOSE building sites, to which our group [&hellip;]\" \/>\n<meta property=\"og:url\" content=\"https:\/\/areeweb.polito.it\/ricerca\/groundwater\/it\/links\/\" \/>\n<meta property=\"og:site_name\" content=\"Groundwater Engineering Research Group\" \/>\n<meta property=\"article:modified_time\" content=\"2021-10-08T15:11:59+00:00\" \/>\n<meta name=\"twitter:card\" content=\"summary_large_image\" \/>\n<meta name=\"twitter:label1\" content=\"Tempo di lettura stimato\" \/>\n\t<meta name=\"twitter:data1\" content=\"2 minuti\" \/>\n<script type=\"application\/ld+json\" class=\"yoast-schema-graph\">{\"@context\":\"https:\/\/schema.org\",\"@graph\":[{\"@type\":\"WebPage\",\"@id\":\"https:\/\/areeweb.polito.it\/ricerca\/groundwater\/links\/\",\"url\":\"https:\/\/areeweb.polito.it\/ricerca\/groundwater\/links\/\",\"name\":\"Links - Groundwater Engineering Research Group\",\"isPartOf\":{\"@id\":\"https:\/\/areeweb.polito.it\/ricerca\/groundwater\/it\/#website\"},\"datePublished\":\"2017-01-24T14:37:36+00:00\",\"dateModified\":\"2021-10-08T15:11:59+00:00\",\"breadcrumb\":{\"@id\":\"https:\/\/areeweb.polito.it\/ricerca\/groundwater\/links\/#breadcrumb\"},\"inLanguage\":\"it-IT\",\"potentialAction\":[{\"@type\":\"ReadAction\",\"target\":[\"https:\/\/areeweb.polito.it\/ricerca\/groundwater\/links\/\"]}]},{\"@type\":\"BreadcrumbList\",\"@id\":\"https:\/\/areeweb.polito.it\/ricerca\/groundwater\/links\/#breadcrumb\",\"itemListElement\":[{\"@type\":\"ListItem\",\"position\":1,\"name\":\"Home\",\"item\":\"https:\/\/areeweb.polito.it\/ricerca\/groundwater\/\"},{\"@type\":\"ListItem\",\"position\":2,\"name\":\"Links\"}]},{\"@type\":\"WebSite\",\"@id\":\"https:\/\/areeweb.polito.it\/ricerca\/groundwater\/it\/#website\",\"url\":\"https:\/\/areeweb.polito.it\/ricerca\/groundwater\/it\/\",\"name\":\"Groundwater Engineering Research Group\",\"description\":\"\",\"publisher\":{\"@id\":\"https:\/\/areeweb.polito.it\/ricerca\/groundwater\/it\/#organization\"},\"potentialAction\":[{\"@type\":\"SearchAction\",\"target\":{\"@type\":\"EntryPoint\",\"urlTemplate\":\"https:\/\/areeweb.polito.it\/ricerca\/groundwater\/it\/?s={search_term_string}\"},\"query-input\":\"required name=search_term_string\"}],\"inLanguage\":\"it-IT\"},{\"@type\":\"Organization\",\"@id\":\"https:\/\/areeweb.polito.it\/ricerca\/groundwater\/it\/#organization\",\"name\":\"Politecnico di Torino\",\"url\":\"https:\/\/areeweb.polito.it\/ricerca\/groundwater\/it\/\",\"logo\":{\"@type\":\"ImageObject\",\"inLanguage\":\"it-IT\",\"@id\":\"https:\/\/areeweb.polito.it\/ricerca\/groundwater\/it\/#\/schema\/logo\/image\/\",\"url\":\"https:\/\/areeweb.polito.it\/ricerca\/groundwater\/wp-content\/uploads\/2020\/03\/Logo_GW_bianco_navbar_gw.png\",\"contentUrl\":\"https:\/\/areeweb.polito.it\/ricerca\/groundwater\/wp-content\/uploads\/2020\/03\/Logo_GW_bianco_navbar_gw.png\",\"width\":149,\"height\":73,\"caption\":\"Politecnico di Torino\"},\"image\":{\"@id\":\"https:\/\/areeweb.polito.it\/ricerca\/groundwater\/it\/#\/schema\/logo\/image\/\"}}]}<\/script>\n<!-- \/ Yoast SEO plugin. -->","yoast_head_json":{"title":"Links - Groundwater Engineering Research Group","robots":{"index":"index","follow":"follow","max-snippet":"max-snippet:-1","max-image-preview":"max-image-preview:large","max-video-preview":"max-video-preview:-1"},"canonical":"https:\/\/areeweb.polito.it\/ricerca\/groundwater\/it\/links\/","og_locale":"it_IT","og_type":"article","og_title":"Links - Groundwater Engineering Research Group","og_description":"Universities and research institutions DIATI Official site of the Department of Environment, Land and Infrastructure Engineering of Politecnico di Torino. CORILA The Consortium for the coordination of research activities in the lagoon of Venice, which coordinates also the environmental monitoring activities in the MOSE building sites, to which our group [&hellip;]","og_url":"https:\/\/areeweb.polito.it\/ricerca\/groundwater\/it\/links\/","og_site_name":"Groundwater Engineering Research Group","article_modified_time":"2021-10-08T15:11:59+00:00","twitter_card":"summary_large_image","twitter_misc":{"Tempo di lettura stimato":"2 minuti"},"schema":{"@context":"https:\/\/schema.org","@graph":[{"@type":"WebPage","@id":"https:\/\/areeweb.polito.it\/ricerca\/groundwater\/links\/","url":"https:\/\/areeweb.polito.it\/ricerca\/groundwater\/links\/","name":"Links - Groundwater Engineering Research Group","isPartOf":{"@id":"https:\/\/areeweb.polito.it\/ricerca\/groundwater\/it\/#website"},"datePublished":"2017-01-24T14:37:36+00:00","dateModified":"2021-10-08T15:11:59+00:00","breadcrumb":{"@id":"https:\/\/areeweb.polito.it\/ricerca\/groundwater\/links\/#breadcrumb"},"inLanguage":"it-IT","potentialAction":[{"@type":"ReadAction","target":["https:\/\/areeweb.polito.it\/ricerca\/groundwater\/links\/"]}]},{"@type":"BreadcrumbList","@id":"https:\/\/areeweb.polito.it\/ricerca\/groundwater\/links\/#breadcrumb","itemListElement":[{"@type":"ListItem","position":1,"name":"Home","item":"https:\/\/areeweb.polito.it\/ricerca\/groundwater\/"},{"@type":"ListItem","position":2,"name":"Links"}]},{"@type":"WebSite","@id":"https:\/\/areeweb.polito.it\/ricerca\/groundwater\/it\/#website","url":"https:\/\/areeweb.polito.it\/ricerca\/groundwater\/it\/","name":"Groundwater Engineering Research Group","description":"","publisher":{"@id":"https:\/\/areeweb.polito.it\/ricerca\/groundwater\/it\/#organization"},"potentialAction":[{"@type":"SearchAction","target":{"@type":"EntryPoint","urlTemplate":"https:\/\/areeweb.polito.it\/ricerca\/groundwater\/it\/?s={search_term_string}"},"query-input":"required name=search_term_string"}],"inLanguage":"it-IT"},{"@type":"Organization","@id":"https:\/\/areeweb.polito.it\/ricerca\/groundwater\/it\/#organization","name":"Politecnico di Torino","url":"https:\/\/areeweb.polito.it\/ricerca\/groundwater\/it\/","logo":{"@type":"ImageObject","inLanguage":"it-IT","@id":"https:\/\/areeweb.polito.it\/ricerca\/groundwater\/it\/#\/schema\/logo\/image\/","url":"https:\/\/areeweb.polito.it\/ricerca\/groundwater\/wp-content\/uploads\/2020\/03\/Logo_GW_bianco_navbar_gw.png","contentUrl":"https:\/\/areeweb.polito.it\/ricerca\/groundwater\/wp-content\/uploads\/2020\/03\/Logo_GW_bianco_navbar_gw.png","width":149,"height":73,"caption":"Politecnico di Torino"},"image":{"@id":"https:\/\/areeweb.polito.it\/ricerca\/groundwater\/it\/#\/schema\/logo\/image\/"}}]}},"_links":{"self":[{"href":"https:\/\/areeweb.polito.it\/ricerca\/groundwater\/it\/wp-json\/wp\/v2\/pages\/148"}],"collection":[{"href":"https:\/\/areeweb.polito.it\/ricerca\/groundwater\/it\/wp-json\/wp\/v2\/pages"}],"about":[{"href":"https:\/\/areeweb.polito.it\/ricerca\/groundwater\/it\/wp-json\/wp\/v2\/types\/page"}],"author":[{"embeddable":true,"href":"https:\/\/areeweb.polito.it\/ricerca\/groundwater\/it\/wp-json\/wp\/v2\/users\/1"}],"replies":[{"embeddable":true,"href":"https:\/\/areeweb.polito.it\/ricerca\/groundwater\/it\/wp-json\/wp\/v2\/comments?post=148"}],"version-history":[{"count":30,"href":"https:\/\/areeweb.polito.it\/ricerca\/groundwater\/it\/wp-json\/wp\/v2\/pages\/148\/revisions"}],"predecessor-version":[{"id":5470,"href":"https:\/\/areeweb.polito.it\/ricerca\/groundwater\/it\/wp-json\/wp\/v2\/pages\/148\/revisions\/5470"}],"wp:attachment":[{"href":"https:\/\/areeweb.polito.it\/ricerca\/groundwater\/it\/wp-json\/wp\/v2\/media?parent=148"}],"curies":[{"name":"wp","href":"https:\/\/api.w.org\/{rel}","templated":true}]}}