{"id":1494,"date":"2020-01-07T15:57:13","date_gmt":"2020-01-07T14:57:13","guid":{"rendered":"http:\/\/areeweb.polito.it\/ricerca\/groundwater\/?page_id=1494"},"modified":"2020-11-18T16:17:13","modified_gmt":"2020-11-18T15:17:13","slug":"tiziana-tosco","status":"publish","type":"page","link":"https:\/\/areeweb.polito.it\/ricerca\/groundwater\/it\/team\/tiziana-tosco\/","title":{"rendered":"Tiziana Tosco"},"content":{"rendered":"<div data-elementor-type=\"wp-page\" data-elementor-id=\"1494\" class=\"elementor elementor-1494\">\n\t\t\t\t\t\t<div class=\"elementor-inner\">\n\t\t\t\t<div class=\"elementor-section-wrap\">\n\t\t\t\t\t\t\t\t\t<section class=\"elementor-section elementor-top-section elementor-element elementor-element-7a39a68 elementor-section-stretched elementor-section-boxed elementor-section-height-default elementor-section-height-default\" data-id=\"7a39a68\" data-element_type=\"section\" data-settings=\"{&quot;background_background&quot;:&quot;classic&quot;,&quot;shape_divider_bottom&quot;:&quot;mountains&quot;,&quot;stretch_section&quot;:&quot;section-stretched&quot;}\">\n\t\t\t\t\t\t\t<div class=\"elementor-background-overlay\"><\/div>\n\t\t\t\t\t\t<div class=\"elementor-shape elementor-shape-bottom\" data-negative=\"false\">\n\t\t\t<svg xmlns=\"http:\/\/www.w3.org\/2000\/svg\" viewbox=\"0 0 1000 100\" preserveaspectratio=\"none\">\n\t<path class=\"elementor-shape-fill\" opacity=\"0.33\" d=\"M473,67.3c-203.9,88.3-263.1-34-320.3,0C66,119.1,0,59.7,0,59.7V0h1000v59.7 c0,0-62.1,26.1-94.9,29.3c-32.8,3.3-62.8-12.3-75.8-22.1C806,49.6,745.3,8.7,694.9,4.7S492.4,59,473,67.3z\"\/>\n\t<path class=\"elementor-shape-fill\" opacity=\"0.66\" d=\"M734,67.3c-45.5,0-77.2-23.2-129.1-39.1c-28.6-8.7-150.3-10.1-254,39.1 s-91.7-34.4-149.2,0C115.7,118.3,0,39.8,0,39.8V0h1000v36.5c0,0-28.2-18.5-92.1-18.5C810.2,18.1,775.7,67.3,734,67.3z\"\/>\n\t<path class=\"elementor-shape-fill\" d=\"M766.1,28.9c-200-57.5-266,65.5-395.1,19.5C242,1.8,242,5.4,184.8,20.6C128,35.8,132.3,44.9,89.9,52.5C28.6,63.7,0,0,0,0 h1000c0,0-9.9,40.9-83.6,48.1S829.6,47,766.1,28.9z\"\/>\n<\/svg>\t\t<\/div>\n\t\t\t\t\t<div class=\"elementor-container elementor-column-gap-default\">\n\t\t\t\t\t\t\t<div class=\"elementor-row\">\n\t\t\t\t\t<div class=\"elementor-column elementor-col-100 elementor-top-column elementor-element elementor-element-a4c8d90\" data-id=\"a4c8d90\" data-element_type=\"column\" data-settings=\"{&quot;background_background&quot;:&quot;classic&quot;}\">\n\t\t\t<div class=\"elementor-column-wrap elementor-element-populated\">\n\t\t\t\t\t\t\t<div class=\"elementor-widget-wrap\">\n\t\t\t\t\t\t<div class=\"elementor-element elementor-element-715d701 elementor-widget elementor-widget-text-editor\" data-id=\"715d701\" data-element_type=\"widget\" data-widget_type=\"text-editor.default\">\n\t\t\t\t<div class=\"elementor-widget-container\">\n\t\t\t\t\t\t\t\t<div class=\"elementor-text-editor elementor-clearfix\">\n\t\t\t\t<p style=\"font-size: 12pt;\"><span class=\"policorpo\"><\/span><span class=\"policorpo\">Tiziana Tosco \u00e8 professoressa associata presso il Dipartimento di Ingegneria dell'Ambiente, del Territorio e delle Infrastrutture (DIATI), Politecnico di Torino. Le sue attivit\u00e0 di ricerca riguardano principalmente il trasporto di contaminanti nel sottosuolo. \u00c8 co-responsabile del Laboratorio di Nanotecnologie Ambientali del Groundwater Engineering Group ed \u00e8 membro del comitato scientifico del laboratorio interdipartimentale <a href=\"http:\/\/urbanlegacylab.net\/\">F<em>UL<\/em>L<\/a> (Future Urban Legacy Laboratory).<\/span><\/p><p style=\"font-size: 12pt;\" span=\"\" class=\"policorpo\">Tiziana lavora allo sviluppo di tecniche di bonifica in-situ di acquiferi contaminati basate sull\u2019utilizzo di nanoparticelle. Si occupa di sperimentazioni, modellazione e applicazioni in campo nell\u2019ambito di diversi progetti finanziati da enti nazionali e privati, e tre progetti finanziati dall\u2019UE (<a href=\"https:\/\/aquarehab.vito.be\/home\/Pages\/home.aspx\" target=\"_blank\" rel=\"noopener\">FP7 AQUAREHAB<\/a>, <a href=\"http:\/\/www.nanorem.eu\/\" target=\"_blank\" rel=\"noopener\">FP7 NANOREM<\/a>, <a href=\"http:\/\/reground-project.eu\/\" target=\"_blank\" rel=\"noopener\">H2020 REGROUND<\/a>). I suoi lavori pi\u00f9 recenti riguardano: l\u2019applicazione ottimizzata di nanomateriali per la bonifica di acque di falda e il loro ampliamento da scala di laboratorio a scala di campo; lo sviluppo di un approccio per l\u2019analisi del rischio sanitario ambientale riguardante siti contaminati da nanoparticelle; la quantificazione e il contenimento degli impatti ambientali dei fitofarmaci. Nell\u2019ambito di quest\u2019ultimo progetto, Tiziana \u00e8 coordinatrice del progetto <a href=\"https:\/\/areeweb.polito.it\/ricerca\/groundwater\/it\/research\/colloids\/nanopesticides\/\">NANOGRASS<\/a> incentrato sullo sviluppo di nano-formulazioni ecosostenibili per i pesticidi. Tiziana ha inoltre sviluppato il software gratuito MNMs per il trasporto di soluti e particelle in mezzi porosi (<a href=\"http:\/\/areeweb.polito.it\/ricerca\/groundwater\/it\/software\/MNMs.php\/\">http:\/\/areeweb.polito.it\/ricerca\/groundwater\/software\/MNMs.php<\/a>).<\/p><p style=\"font-size: 14pt;\"><img decoding=\"async\" loading=\"lazy\" src=\"https:\/\/areeweb.polito.it\/ricerca\/groundwater\/wp-content\/uploads\/2020\/02\/tiziana_tosco_gw_monitoring_gw-300x225.jpg\" alt=\"\" class=\"wp-image-2551 aligncenter\" width=\"368\" height=\"276\" srcset=\"https:\/\/areeweb.polito.it\/ricerca\/groundwater\/wp-content\/uploads\/2020\/02\/tiziana_tosco_gw_monitoring_gw-300x225.jpg 300w, https:\/\/areeweb.polito.it\/ricerca\/groundwater\/wp-content\/uploads\/2020\/02\/tiziana_tosco_gw_monitoring_gw-768x576.jpg 768w, https:\/\/areeweb.polito.it\/ricerca\/groundwater\/wp-content\/uploads\/2020\/02\/tiziana_tosco_gw_monitoring_gw.jpg 1024w\" sizes=\"(max-width: 368px) 100vw, 368px\" \/><\/p><p style=\"font-size: 12pt;\">Tiziana \u00e8 professoressa associata al Politecnico di Torino, dove insegna \u201cReclamation of Polluted Sites\u201d (corso di laurea magistrale in Ingegneria dell\u2019Ambiente), \u201cParticle transport in porous media: filtration and clogging\u201d (Dottorato in Ingegneria Civile ed Ambientale) e \u201cRemediation techniques for contaminated sites\u201d (Master di II livello in Ingegneria dell'Acqua per uso potabile, civile e industriale). \u00c8 lettrice del corso di \u201cIngegneria degli Acquiferi\u201d (corso di laurea magistrale in Ingegneria dell\u2019Ambiente, prof. Rajandrea Sethi).<\/p><p style=\"font-size: 12pt;\"><span class=\"policorpo\">Nel suo tempo libero le piace fare giardinaggio e preparare dolci per i suoi colleghi, che sono molto felici del suo hobby.<\/span><\/p><p style=\"text-align: justify;\"><\/p>\t\t\t\t\t<\/div>\n\t\t\t\t\t\t<\/div>\n\t\t\t\t<\/div>\n\t\t\t\t<div class=\"elementor-element elementor-element-45e88ad elementor-icon-list--layout-inline elementor-align-center elementor-list-item-link-full_width elementor-widget elementor-widget-icon-list\" data-id=\"45e88ad\" data-element_type=\"widget\" data-widget_type=\"icon-list.default\">\n\t\t\t\t<div class=\"elementor-widget-container\">\n\t\t\t\t\t<ul class=\"elementor-icon-list-items elementor-inline-items\">\n\t\t\t\t\t\t\t<li class=\"elementor-icon-list-item elementor-inline-item\">\n\t\t\t\t\t\t\t\t\t\t\t<a href=\"https:\/\/www.researchgate.net\/profile\/Tiziana_Tosco\" target=\"_blank\">\n\n\t\t\t\t\t\t\t\t\t\t\t\t<span class=\"elementor-icon-list-icon\">\n\t\t\t\t\t\t\t<i aria-hidden=\"true\" class=\"fas fa-user-graduate\"><\/i>\t\t\t\t\t\t<\/span>\n\t\t\t\t\t\t\t\t\t\t<span class=\"elementor-icon-list-text\">Research Gate<\/span>\n\t\t\t\t\t\t\t\t\t\t\t<\/a>\n\t\t\t\t\t\t\t\t\t<\/li>\n\t\t\t\t\t\t\t\t<li class=\"elementor-icon-list-item elementor-inline-item\">\n\t\t\t\t\t\t\t\t\t\t\t<a href=\"https:\/\/www.scopus.com\/authid\/detail.uri?authorId=25227006900\" target=\"_blank\">\n\n\t\t\t\t\t\t\t\t\t\t\t\t<span class=\"elementor-icon-list-icon\">\n\t\t\t\t\t\t\t<i aria-hidden=\"true\" class=\"fas fa-user-graduate\"><\/i>\t\t\t\t\t\t<\/span>\n\t\t\t\t\t\t\t\t\t\t<span class=\"elementor-icon-list-text\">Scopus<\/span>\n\t\t\t\t\t\t\t\t\t\t\t<\/a>\n\t\t\t\t\t\t\t\t\t<\/li>\n\t\t\t\t\t\t\t\t<li class=\"elementor-icon-list-item elementor-inline-item\">\n\t\t\t\t\t\t\t\t\t\t\t<a href=\"https:\/\/scholar.google.it\/citations?user=KXAjCVwAAAAJ&#038;hl=it&#038;oi=ao\" target=\"_blank\">\n\n\t\t\t\t\t\t\t\t\t\t\t\t<span class=\"elementor-icon-list-icon\">\n\t\t\t\t\t\t\t<i aria-hidden=\"true\" class=\"fas fa-user-graduate\"><\/i>\t\t\t\t\t\t<\/span>\n\t\t\t\t\t\t\t\t\t\t<span class=\"elementor-icon-list-text\">Google Scholar<\/span>\n\t\t\t\t\t\t\t\t\t\t\t<\/a>\n\t\t\t\t\t\t\t\t\t<\/li>\n\t\t\t\t\t\t\t\t<li class=\"elementor-icon-list-item elementor-inline-item\">\n\t\t\t\t\t\t\t\t\t\t\t<a href=\"https:\/\/orcid.org\/0000-0001-9881-1589\" target=\"_blank\">\n\n\t\t\t\t\t\t\t\t\t\t\t\t<span class=\"elementor-icon-list-icon\">\n\t\t\t\t\t\t\t<i aria-hidden=\"true\" class=\"fas fa-user-graduate\"><\/i>\t\t\t\t\t\t<\/span>\n\t\t\t\t\t\t\t\t\t\t<span class=\"elementor-icon-list-text\">ORCID<\/span>\n\t\t\t\t\t\t\t\t\t\t\t<\/a>\n\t\t\t\t\t\t\t\t\t<\/li>\n\t\t\t\t\t\t\t\t<li class=\"elementor-icon-list-item elementor-inline-item\">\n\t\t\t\t\t\t\t\t\t\t\t<a href=\"https:\/\/www.linkedin.com\/in\/tiziana-tosco-91b39a55\/?ppe=1\" target=\"_blank\">\n\n\t\t\t\t\t\t\t\t\t\t\t\t<span class=\"elementor-icon-list-icon\">\n\t\t\t\t\t\t\t<i aria-hidden=\"true\" class=\"fab fa-linkedin\"><\/i>\t\t\t\t\t\t<\/span>\n\t\t\t\t\t\t\t\t\t\t<span class=\"elementor-icon-list-text\">Linkedin<\/span>\n\t\t\t\t\t\t\t\t\t\t\t<\/a>\n\t\t\t\t\t\t\t\t\t<\/li>\n\t\t\t\t\t\t<\/ul>\n\t\t\t\t<\/div>\n\t\t\t\t<\/div>\n\t\t\t\t<div class=\"elementor-element elementor-element-e5dbeb6 elementor-widget elementor-widget-spacer\" data-id=\"e5dbeb6\" data-element_type=\"widget\" data-widget_type=\"spacer.default\">\n\t\t\t\t<div class=\"elementor-widget-container\">\n\t\t\t\t\t<div class=\"elementor-spacer\">\n\t\t\t<div class=\"elementor-spacer-inner\"><\/div>\n\t\t<\/div>\n\t\t\t\t<\/div>\n\t\t\t\t<\/div>\n\t\t\t\t<div class=\"elementor-element elementor-element-d1ea3d9 elementor-widget elementor-widget-text-editor\" data-id=\"d1ea3d9\" data-element_type=\"widget\" data-widget_type=\"text-editor.default\">\n\t\t\t\t<div class=\"elementor-widget-container\">\n\t\t\t\t\t\t\t\t<div class=\"elementor-text-editor elementor-clearfix\">\n\t\t\t\t\t\t\t\t\t<\/div>\n\t\t\t\t\t\t<\/div>\n\t\t\t\t<\/div>\n\t\t\t\t\t\t<\/div>\n\t\t\t\t\t<\/div>\n\t\t<\/div>\n\t\t\t\t\t\t\t\t<\/div>\n\t\t\t\t\t<\/div>\n\t\t<\/section>\n\t\t\t\t\t\t\t\t\t<\/div>\n\t\t\t<\/div>\n\t\t\t\t\t<\/div>","protected":false},"excerpt":{"rendered":"<p>Tiziana Tosco is Associate Professor in the Department of Environment, Land and Infrastructure Engineering (DIATI), Politecnico di Torino . Her research activities mainly focus on groundwater remediation and contaminant transport in the subsoil. She is co-responsible of the Environmental Nanotechnology Laboratory in the Groundwater Engineering Group and is member of [&hellip;]<\/p>","protected":false},"author":1,"featured_media":0,"parent":1445,"menu_order":0,"comment_status":"closed","ping_status":"closed","template":"","meta":[],"yoast_head":"<!-- This site is optimized with the Yoast SEO plugin v19.11 - https:\/\/yoast.com\/wordpress\/plugins\/seo\/ -->\n<title>Tiziana Tosco - Groundwater Engineering Research Group<\/title>\n<meta name=\"robots\" content=\"index, follow, max-snippet:-1, max-image-preview:large, max-video-preview:-1\" \/>\n<link rel=\"canonical\" href=\"https:\/\/areeweb.polito.it\/ricerca\/groundwater\/it\/team\/tiziana-tosco\/\" \/>\n<meta property=\"og:locale\" content=\"it_IT\" \/>\n<meta property=\"og:type\" content=\"article\" \/>\n<meta property=\"og:title\" content=\"Tiziana Tosco - Groundwater Engineering Research Group\" \/>\n<meta property=\"og:description\" content=\"Tiziana Tosco is Associate Professor in the Department of Environment, Land and Infrastructure Engineering (DIATI), Politecnico di Torino . Her research activities mainly focus on groundwater remediation and contaminant transport in the subsoil. She is co-responsible of the Environmental Nanotechnology Laboratory in the Groundwater Engineering Group and is member of [&hellip;]\" \/>\n<meta property=\"og:url\" content=\"https:\/\/areeweb.polito.it\/ricerca\/groundwater\/it\/team\/tiziana-tosco\/\" \/>\n<meta property=\"og:site_name\" content=\"Groundwater Engineering Research Group\" \/>\n<meta property=\"article:modified_time\" content=\"2020-11-18T15:17:13+00:00\" \/>\n<meta property=\"og:image\" content=\"https:\/\/areeweb.polito.it\/ricerca\/groundwater\/wp-content\/uploads\/2020\/02\/tiziana_tosco_gw_monitoring_gw-300x225.jpg\" \/>\n<meta name=\"twitter:card\" content=\"summary_large_image\" \/>\n<meta name=\"twitter:label1\" content=\"Tempo di lettura stimato\" \/>\n\t<meta name=\"twitter:data1\" content=\"1 minuto\" \/>\n<script type=\"application\/ld+json\" class=\"yoast-schema-graph\">{\"@context\":\"https:\/\/schema.org\",\"@graph\":[{\"@type\":\"WebPage\",\"@id\":\"https:\/\/areeweb.polito.it\/ricerca\/groundwater\/team\/tiziana-tosco\/\",\"url\":\"https:\/\/areeweb.polito.it\/ricerca\/groundwater\/team\/tiziana-tosco\/\",\"name\":\"Tiziana Tosco - Groundwater Engineering Research Group\",\"isPartOf\":{\"@id\":\"https:\/\/areeweb.polito.it\/ricerca\/groundwater\/it\/#website\"},\"datePublished\":\"2020-01-07T14:57:13+00:00\",\"dateModified\":\"2020-11-18T15:17:13+00:00\",\"breadcrumb\":{\"@id\":\"https:\/\/areeweb.polito.it\/ricerca\/groundwater\/team\/tiziana-tosco\/#breadcrumb\"},\"inLanguage\":\"it-IT\",\"potentialAction\":[{\"@type\":\"ReadAction\",\"target\":[\"https:\/\/areeweb.polito.it\/ricerca\/groundwater\/team\/tiziana-tosco\/\"]}]},{\"@type\":\"BreadcrumbList\",\"@id\":\"https:\/\/areeweb.polito.it\/ricerca\/groundwater\/team\/tiziana-tosco\/#breadcrumb\",\"itemListElement\":[{\"@type\":\"ListItem\",\"position\":1,\"name\":\"Home\",\"item\":\"https:\/\/areeweb.polito.it\/ricerca\/groundwater\/\"},{\"@type\":\"ListItem\",\"position\":2,\"name\":\"Team\",\"item\":\"https:\/\/areeweb.polito.it\/ricerca\/groundwater\/team\/\"},{\"@type\":\"ListItem\",\"position\":3,\"name\":\"Tiziana Tosco\"}]},{\"@type\":\"WebSite\",\"@id\":\"https:\/\/areeweb.polito.it\/ricerca\/groundwater\/it\/#website\",\"url\":\"https:\/\/areeweb.polito.it\/ricerca\/groundwater\/it\/\",\"name\":\"Groundwater Engineering Research Group\",\"description\":\"\",\"publisher\":{\"@id\":\"https:\/\/areeweb.polito.it\/ricerca\/groundwater\/it\/#organization\"},\"potentialAction\":[{\"@type\":\"SearchAction\",\"target\":{\"@type\":\"EntryPoint\",\"urlTemplate\":\"https:\/\/areeweb.polito.it\/ricerca\/groundwater\/it\/?s={search_term_string}\"},\"query-input\":\"required name=search_term_string\"}],\"inLanguage\":\"it-IT\"},{\"@type\":\"Organization\",\"@id\":\"https:\/\/areeweb.polito.it\/ricerca\/groundwater\/it\/#organization\",\"name\":\"Politecnico di Torino\",\"url\":\"https:\/\/areeweb.polito.it\/ricerca\/groundwater\/it\/\",\"logo\":{\"@type\":\"ImageObject\",\"inLanguage\":\"it-IT\",\"@id\":\"https:\/\/areeweb.polito.it\/ricerca\/groundwater\/it\/#\/schema\/logo\/image\/\",\"url\":\"https:\/\/areeweb.polito.it\/ricerca\/groundwater\/wp-content\/uploads\/2020\/03\/Logo_GW_bianco_navbar_gw.png\",\"contentUrl\":\"https:\/\/areeweb.polito.it\/ricerca\/groundwater\/wp-content\/uploads\/2020\/03\/Logo_GW_bianco_navbar_gw.png\",\"width\":149,\"height\":73,\"caption\":\"Politecnico di Torino\"},\"image\":{\"@id\":\"https:\/\/areeweb.polito.it\/ricerca\/groundwater\/it\/#\/schema\/logo\/image\/\"}}]}<\/script>\n<!-- \/ Yoast SEO plugin. -->","yoast_head_json":{"title":"Tiziana Tosco - Groundwater Engineering Research Group","robots":{"index":"index","follow":"follow","max-snippet":"max-snippet:-1","max-image-preview":"max-image-preview:large","max-video-preview":"max-video-preview:-1"},"canonical":"https:\/\/areeweb.polito.it\/ricerca\/groundwater\/it\/team\/tiziana-tosco\/","og_locale":"it_IT","og_type":"article","og_title":"Tiziana Tosco - Groundwater Engineering Research Group","og_description":"Tiziana Tosco is Associate Professor in the Department of Environment, Land and Infrastructure Engineering (DIATI), Politecnico di Torino . Her research activities mainly focus on groundwater remediation and contaminant transport in the subsoil. She is co-responsible of the Environmental Nanotechnology Laboratory in the Groundwater Engineering Group and is member of [&hellip;]","og_url":"https:\/\/areeweb.polito.it\/ricerca\/groundwater\/it\/team\/tiziana-tosco\/","og_site_name":"Groundwater Engineering Research Group","article_modified_time":"2020-11-18T15:17:13+00:00","og_image":[{"url":"https:\/\/areeweb.polito.it\/ricerca\/groundwater\/wp-content\/uploads\/2020\/02\/tiziana_tosco_gw_monitoring_gw-300x225.jpg"}],"twitter_card":"summary_large_image","twitter_misc":{"Tempo di lettura stimato":"1 minuto"},"schema":{"@context":"https:\/\/schema.org","@graph":[{"@type":"WebPage","@id":"https:\/\/areeweb.polito.it\/ricerca\/groundwater\/team\/tiziana-tosco\/","url":"https:\/\/areeweb.polito.it\/ricerca\/groundwater\/team\/tiziana-tosco\/","name":"Tiziana Tosco - Groundwater Engineering Research Group","isPartOf":{"@id":"https:\/\/areeweb.polito.it\/ricerca\/groundwater\/it\/#website"},"datePublished":"2020-01-07T14:57:13+00:00","dateModified":"2020-11-18T15:17:13+00:00","breadcrumb":{"@id":"https:\/\/areeweb.polito.it\/ricerca\/groundwater\/team\/tiziana-tosco\/#breadcrumb"},"inLanguage":"it-IT","potentialAction":[{"@type":"ReadAction","target":["https:\/\/areeweb.polito.it\/ricerca\/groundwater\/team\/tiziana-tosco\/"]}]},{"@type":"BreadcrumbList","@id":"https:\/\/areeweb.polito.it\/ricerca\/groundwater\/team\/tiziana-tosco\/#breadcrumb","itemListElement":[{"@type":"ListItem","position":1,"name":"Home","item":"https:\/\/areeweb.polito.it\/ricerca\/groundwater\/"},{"@type":"ListItem","position":2,"name":"Team","item":"https:\/\/areeweb.polito.it\/ricerca\/groundwater\/team\/"},{"@type":"ListItem","position":3,"name":"Tiziana Tosco"}]},{"@type":"WebSite","@id":"https:\/\/areeweb.polito.it\/ricerca\/groundwater\/it\/#website","url":"https:\/\/areeweb.polito.it\/ricerca\/groundwater\/it\/","name":"Groundwater Engineering Research Group","description":"","publisher":{"@id":"https:\/\/areeweb.polito.it\/ricerca\/groundwater\/it\/#organization"},"potentialAction":[{"@type":"SearchAction","target":{"@type":"EntryPoint","urlTemplate":"https:\/\/areeweb.polito.it\/ricerca\/groundwater\/it\/?s={search_term_string}"},"query-input":"required name=search_term_string"}],"inLanguage":"it-IT"},{"@type":"Organization","@id":"https:\/\/areeweb.polito.it\/ricerca\/groundwater\/it\/#organization","name":"Politecnico di Torino","url":"https:\/\/areeweb.polito.it\/ricerca\/groundwater\/it\/","logo":{"@type":"ImageObject","inLanguage":"it-IT","@id":"https:\/\/areeweb.polito.it\/ricerca\/groundwater\/it\/#\/schema\/logo\/image\/","url":"https:\/\/areeweb.polito.it\/ricerca\/groundwater\/wp-content\/uploads\/2020\/03\/Logo_GW_bianco_navbar_gw.png","contentUrl":"https:\/\/areeweb.polito.it\/ricerca\/groundwater\/wp-content\/uploads\/2020\/03\/Logo_GW_bianco_navbar_gw.png","width":149,"height":73,"caption":"Politecnico di Torino"},"image":{"@id":"https:\/\/areeweb.polito.it\/ricerca\/groundwater\/it\/#\/schema\/logo\/image\/"}}]}},"_links":{"self":[{"href":"https:\/\/areeweb.polito.it\/ricerca\/groundwater\/it\/wp-json\/wp\/v2\/pages\/1494"}],"collection":[{"href":"https:\/\/areeweb.polito.it\/ricerca\/groundwater\/it\/wp-json\/wp\/v2\/pages"}],"about":[{"href":"https:\/\/areeweb.polito.it\/ricerca\/groundwater\/it\/wp-json\/wp\/v2\/types\/page"}],"author":[{"embeddable":true,"href":"https:\/\/areeweb.polito.it\/ricerca\/groundwater\/it\/wp-json\/wp\/v2\/users\/1"}],"replies":[{"embeddable":true,"href":"https:\/\/areeweb.polito.it\/ricerca\/groundwater\/it\/wp-json\/wp\/v2\/comments?post=1494"}],"version-history":[{"count":22,"href":"https:\/\/areeweb.polito.it\/ricerca\/groundwater\/it\/wp-json\/wp\/v2\/pages\/1494\/revisions"}],"predecessor-version":[{"id":5938,"href":"https:\/\/areeweb.polito.it\/ricerca\/groundwater\/it\/wp-json\/wp\/v2\/pages\/1494\/revisions\/5938"}],"up":[{"embeddable":true,"href":"https:\/\/areeweb.polito.it\/ricerca\/groundwater\/it\/wp-json\/wp\/v2\/pages\/1445"}],"wp:attachment":[{"href":"https:\/\/areeweb.polito.it\/ricerca\/groundwater\/it\/wp-json\/wp\/v2\/media?parent=1494"}],"curies":[{"name":"wp","href":"https:\/\/api.w.org\/{rel}","templated":true}]}}