{"id":342,"date":"2017-05-30T11:25:02","date_gmt":"2017-05-30T09:25:02","guid":{"rendered":"http:\/\/areeweb.polito.it\/ricerca\/groundwater\/?page_id=342"},"modified":"2020-10-14T15:31:26","modified_gmt":"2020-10-14T13:31:26","slug":"etamms2015","status":"publish","type":"page","link":"https:\/\/areeweb.polito.it\/ricerca\/groundwater\/it\/software\/etamms2015\/","title":{"rendered":"ETAMMS2015"},"content":{"rendered":"<div data-elementor-type=\"wp-page\" data-elementor-id=\"342\" class=\"elementor elementor-342\">\n\t\t\t\t\t\t<div class=\"elementor-inner\">\n\t\t\t\t<div class=\"elementor-section-wrap\">\n\t\t\t\t\t\t\t\t\t<section class=\"elementor-section elementor-top-section elementor-element elementor-element-7ba2e35 elementor-section-stretched elementor-section-boxed elementor-section-height-default elementor-section-height-default\" data-id=\"7ba2e35\" data-element_type=\"section\" data-settings=\"{&quot;background_background&quot;:&quot;classic&quot;,&quot;shape_divider_bottom&quot;:&quot;mountains&quot;,&quot;stretch_section&quot;:&quot;section-stretched&quot;}\">\n\t\t\t\t\t\t\t<div class=\"elementor-background-overlay\"><\/div>\n\t\t\t\t\t\t<div class=\"elementor-shape elementor-shape-bottom\" data-negative=\"false\">\n\t\t\t<svg xmlns=\"http:\/\/www.w3.org\/2000\/svg\" viewbox=\"0 0 1000 100\" preserveaspectratio=\"none\">\n\t<path class=\"elementor-shape-fill\" opacity=\"0.33\" d=\"M473,67.3c-203.9,88.3-263.1-34-320.3,0C66,119.1,0,59.7,0,59.7V0h1000v59.7 c0,0-62.1,26.1-94.9,29.3c-32.8,3.3-62.8-12.3-75.8-22.1C806,49.6,745.3,8.7,694.9,4.7S492.4,59,473,67.3z\"\/>\n\t<path class=\"elementor-shape-fill\" opacity=\"0.66\" d=\"M734,67.3c-45.5,0-77.2-23.2-129.1-39.1c-28.6-8.7-150.3-10.1-254,39.1 s-91.7-34.4-149.2,0C115.7,118.3,0,39.8,0,39.8V0h1000v36.5c0,0-28.2-18.5-92.1-18.5C810.2,18.1,775.7,67.3,734,67.3z\"\/>\n\t<path class=\"elementor-shape-fill\" d=\"M766.1,28.9c-200-57.5-266,65.5-395.1,19.5C242,1.8,242,5.4,184.8,20.6C128,35.8,132.3,44.9,89.9,52.5C28.6,63.7,0,0,0,0 h1000c0,0-9.9,40.9-83.6,48.1S829.6,47,766.1,28.9z\"\/>\n<\/svg>\t\t<\/div>\n\t\t\t\t\t<div class=\"elementor-container elementor-column-gap-default\">\n\t\t\t\t\t\t\t<div class=\"elementor-row\">\n\t\t\t\t\t<div class=\"elementor-column elementor-col-100 elementor-top-column elementor-element elementor-element-9ba3a83\" data-id=\"9ba3a83\" data-element_type=\"column\" data-settings=\"{&quot;background_background&quot;:&quot;classic&quot;}\">\n\t\t\t<div class=\"elementor-column-wrap elementor-element-populated\">\n\t\t\t\t\t\t\t<div class=\"elementor-widget-wrap\">\n\t\t\t\t\t\t<div class=\"elementor-element elementor-element-f09da77 elementor-widget elementor-widget-spacer\" data-id=\"f09da77\" data-element_type=\"widget\" data-widget_type=\"spacer.default\">\n\t\t\t\t<div class=\"elementor-widget-container\">\n\t\t\t\t\t<div class=\"elementor-spacer\">\n\t\t\t<div class=\"elementor-spacer-inner\"><\/div>\n\t\t<\/div>\n\t\t\t\t<\/div>\n\t\t\t\t<\/div>\n\t\t\t\t<div class=\"elementor-element elementor-element-165556b8 elementor-widget elementor-widget-text-editor\" data-id=\"165556b8\" data-element_type=\"widget\" data-widget_type=\"text-editor.default\">\n\t\t\t\t<div class=\"elementor-widget-container\">\n\t\t\t\t\t\t\t\t<div class=\"elementor-text-editor elementor-clearfix\">\n\t\t\t\t<p style=\"font-size: 12pt;\">ETAMMS2015 \u00e8 un foglio di calcolo che elenca i dati numerici usati nello studio <em>&#8220;An extended and total flux normalized correlation equation for predicting single-collector efficiency&#8221; <\/em>(i dati possono essere scaricati a questo\u00a0<a href=\"http:\/\/areeweb.polito.it\/ricerca\/groundwater\/wp-content\/uploads\/2017\/05\/Results-and-worksheet_07.xlsx\" target=\"_blank\" rel=\"noopener noreferrer\">link<\/a>).<\/p>\n<p style=\"font-size: 12pt;\">In questo studio un\u2019equazione di correlazione innovativa a flusso totale normalizzato \u03b7N_MMS \u00e8 proposta per predire l\u2019efficienza di collettore singolo tenendo conto dell\u2019interazione reciproca dei meccanismi di trasporto concomitanti (i.e. avvezione, gravit\u00e0 e moto browniano) e la dimensione finita delle particelle (effetto sterico). L\u2019equazione di correlazione \u00e8 basata su una combinazione di simulazioni euleriane e lagrangiane eseguite in una geometria sferica avvolta da un volume di controllo cilindrico. L\u2019equazione di correlazione \u00e8 stata inoltre estesa per includere la dipendenza dalla porosit\u00e0, mentre una forma ridotta \u00e8 stata proposta per eliminazione dei termini meno rilevanti (per ulteriori informazioni si veda l\u2019intera pubblicazione e le informazioni di supporto).<\/p>\n<p style=\"font-size: 12pt;\">Il foglio di calcolo disponibile a questo <a href=\"http:\/\/areeweb.polito.it\/ricerca\/groundwater\/wp-content\/uploads\/2017\/05\/Results-and-worksheet_07.xlsx\" target=\"_blank\" rel=\"noopener noreferrer\">link<\/a> riporta i dati della simulazione numerica divisi secondo i meccanismi di trasporto attivi.<\/p>\n<p style=\"font-size: 12pt;\">Sono inoltre disponibili due fogli di lavoro per valutare un determinato valore di efficienza e per plottare i trend di efficienza in funzione della dimensione delle particelle. In particolare, i modelli interi e ridotti sono implementati per valori di porosit\u00e0 elevati (primo foglio di lavoro) e per valori di porosit\u00e0 realistici (secondo foglio di lavoro).<\/p>\n<p style=\"text-align: justify;\"><img decoding=\"async\" loading=\"lazy\" src=\"https:\/\/areeweb.polito.it\/ricerca\/groundwater\/wp-content\/uploads\/2020\/03\/ETAMMS2015_gw-300x168.jpg\" alt=\"\" class=\"wp-image-2597 aligncenter\" width=\"404\" height=\"226\" srcset=\"https:\/\/areeweb.polito.it\/ricerca\/groundwater\/wp-content\/uploads\/2020\/03\/ETAMMS2015_gw-300x168.jpg 300w, https:\/\/areeweb.polito.it\/ricerca\/groundwater\/wp-content\/uploads\/2020\/03\/ETAMMS2015_gw.jpg 576w\" sizes=\"(max-width: 404px) 100vw, 404px\" \/><\/p>\n\n<h3 style=\"font-size: 18pt;\">Bibliografia<\/h3>\n<p style=\"font-size: 12pt;\">Messina F., Marchisio D., Sethi R. (2015) An extended and total flux normalized correlation equation for predicting single-collector efficiency, Journal of Colloid And Interface Science, 10.1016\/j.jcis.2015.01.02 <a href=\"http:\/\/areeweb.polito.it\/ricerca\/groundwater\/wp-content\/uploads\/2017\/05\/2015-Messina-et-al-JCIS-1.pdf\" target=\"_blank\" rel=\"noopener noreferrer\">pdf<\/a><\/p>\t\t\t\t\t<\/div>\n\t\t\t\t\t\t<\/div>\n\t\t\t\t<\/div>\n\t\t\t\t<div class=\"elementor-element elementor-element-3d13565 elementor-widget elementor-widget-spacer\" data-id=\"3d13565\" data-element_type=\"widget\" data-widget_type=\"spacer.default\">\n\t\t\t\t<div class=\"elementor-widget-container\">\n\t\t\t\t\t<div class=\"elementor-spacer\">\n\t\t\t<div class=\"elementor-spacer-inner\"><\/div>\n\t\t<\/div>\n\t\t\t\t<\/div>\n\t\t\t\t<\/div>\n\t\t\t\t\t\t<\/div>\n\t\t\t\t\t<\/div>\n\t\t<\/div>\n\t\t\t\t\t\t\t\t<\/div>\n\t\t\t\t\t<\/div>\n\t\t<\/section>\n\t\t\t\t\t\t\t\t\t<\/div>\n\t\t\t<\/div>\n\t\t\t\t\t<\/div>","protected":false},"excerpt":{"rendered":"<p>ETAMMS2015 is a spreadsheet that lists the numerical data used in the study &#8220;An extended and total flux normalized correlation equation for predicting single-collector efficiency&#8221; (these data\u00a0can be downloaded at this\u00a0link). In this study a novel total flux normalized correlation equation \u03b7N_MMS is proposed for predicting single-collector efficiency under a [&hellip;]<\/p>","protected":false},"author":1,"featured_media":0,"parent":399,"menu_order":0,"comment_status":"closed","ping_status":"closed","template":"","meta":[],"yoast_head":"<!-- This site is optimized with the Yoast SEO plugin v19.11 - https:\/\/yoast.com\/wordpress\/plugins\/seo\/ -->\n<title>ETAMMS2015 - Groundwater Engineering Research Group<\/title>\n<meta name=\"robots\" content=\"index, follow, max-snippet:-1, max-image-preview:large, max-video-preview:-1\" \/>\n<link rel=\"canonical\" href=\"https:\/\/areeweb.polito.it\/ricerca\/groundwater\/it\/software\/etamms2015\/\" \/>\n<meta property=\"og:locale\" content=\"it_IT\" \/>\n<meta property=\"og:type\" content=\"article\" \/>\n<meta property=\"og:title\" content=\"ETAMMS2015 - Groundwater Engineering Research Group\" \/>\n<meta property=\"og:description\" content=\"ETAMMS2015 is a spreadsheet that lists the numerical data used in the study &#8220;An extended and total flux normalized correlation equation for predicting single-collector efficiency&#8221; (these data\u00a0can be downloaded at this\u00a0link). In this study a novel total flux normalized correlation equation \u03b7N_MMS is proposed for predicting single-collector efficiency under a [&hellip;]\" \/>\n<meta property=\"og:url\" content=\"https:\/\/areeweb.polito.it\/ricerca\/groundwater\/it\/software\/etamms2015\/\" \/>\n<meta property=\"og:site_name\" content=\"Groundwater Engineering Research Group\" \/>\n<meta property=\"article:modified_time\" content=\"2020-10-14T13:31:26+00:00\" \/>\n<meta property=\"og:image\" content=\"https:\/\/areeweb.polito.it\/ricerca\/groundwater\/wp-content\/uploads\/2020\/03\/ETAMMS2015_gw-300x168.jpg\" \/>\n<meta name=\"twitter:card\" content=\"summary_large_image\" \/>\n<meta name=\"twitter:label1\" content=\"Tempo di lettura stimato\" \/>\n\t<meta name=\"twitter:data1\" content=\"1 minuto\" \/>\n<script type=\"application\/ld+json\" class=\"yoast-schema-graph\">{\"@context\":\"https:\/\/schema.org\",\"@graph\":[{\"@type\":\"WebPage\",\"@id\":\"https:\/\/areeweb.polito.it\/ricerca\/groundwater\/software\/etamms2015\/\",\"url\":\"https:\/\/areeweb.polito.it\/ricerca\/groundwater\/software\/etamms2015\/\",\"name\":\"ETAMMS2015 - Groundwater Engineering Research Group\",\"isPartOf\":{\"@id\":\"https:\/\/areeweb.polito.it\/ricerca\/groundwater\/it\/#website\"},\"datePublished\":\"2017-05-30T09:25:02+00:00\",\"dateModified\":\"2020-10-14T13:31:26+00:00\",\"breadcrumb\":{\"@id\":\"https:\/\/areeweb.polito.it\/ricerca\/groundwater\/software\/etamms2015\/#breadcrumb\"},\"inLanguage\":\"it-IT\",\"potentialAction\":[{\"@type\":\"ReadAction\",\"target\":[\"https:\/\/areeweb.polito.it\/ricerca\/groundwater\/software\/etamms2015\/\"]}]},{\"@type\":\"BreadcrumbList\",\"@id\":\"https:\/\/areeweb.polito.it\/ricerca\/groundwater\/software\/etamms2015\/#breadcrumb\",\"itemListElement\":[{\"@type\":\"ListItem\",\"position\":1,\"name\":\"Home\",\"item\":\"https:\/\/areeweb.polito.it\/ricerca\/groundwater\/\"},{\"@type\":\"ListItem\",\"position\":2,\"name\":\"Software\",\"item\":\"https:\/\/areeweb.polito.it\/ricerca\/groundwater\/software\/\"},{\"@type\":\"ListItem\",\"position\":3,\"name\":\"ETAMMS2015\"}]},{\"@type\":\"WebSite\",\"@id\":\"https:\/\/areeweb.polito.it\/ricerca\/groundwater\/it\/#website\",\"url\":\"https:\/\/areeweb.polito.it\/ricerca\/groundwater\/it\/\",\"name\":\"Groundwater Engineering Research Group\",\"description\":\"\",\"publisher\":{\"@id\":\"https:\/\/areeweb.polito.it\/ricerca\/groundwater\/it\/#organization\"},\"potentialAction\":[{\"@type\":\"SearchAction\",\"target\":{\"@type\":\"EntryPoint\",\"urlTemplate\":\"https:\/\/areeweb.polito.it\/ricerca\/groundwater\/it\/?s={search_term_string}\"},\"query-input\":\"required name=search_term_string\"}],\"inLanguage\":\"it-IT\"},{\"@type\":\"Organization\",\"@id\":\"https:\/\/areeweb.polito.it\/ricerca\/groundwater\/it\/#organization\",\"name\":\"Politecnico di Torino\",\"url\":\"https:\/\/areeweb.polito.it\/ricerca\/groundwater\/it\/\",\"logo\":{\"@type\":\"ImageObject\",\"inLanguage\":\"it-IT\",\"@id\":\"https:\/\/areeweb.polito.it\/ricerca\/groundwater\/it\/#\/schema\/logo\/image\/\",\"url\":\"https:\/\/areeweb.polito.it\/ricerca\/groundwater\/wp-content\/uploads\/2020\/03\/Logo_GW_bianco_navbar_gw.png\",\"contentUrl\":\"https:\/\/areeweb.polito.it\/ricerca\/groundwater\/wp-content\/uploads\/2020\/03\/Logo_GW_bianco_navbar_gw.png\",\"width\":149,\"height\":73,\"caption\":\"Politecnico di Torino\"},\"image\":{\"@id\":\"https:\/\/areeweb.polito.it\/ricerca\/groundwater\/it\/#\/schema\/logo\/image\/\"}}]}<\/script>\n<!-- \/ Yoast SEO plugin. -->","yoast_head_json":{"title":"ETAMMS2015 - Groundwater Engineering Research Group","robots":{"index":"index","follow":"follow","max-snippet":"max-snippet:-1","max-image-preview":"max-image-preview:large","max-video-preview":"max-video-preview:-1"},"canonical":"https:\/\/areeweb.polito.it\/ricerca\/groundwater\/it\/software\/etamms2015\/","og_locale":"it_IT","og_type":"article","og_title":"ETAMMS2015 - Groundwater Engineering Research Group","og_description":"ETAMMS2015 is a spreadsheet that lists the numerical data used in the study &#8220;An extended and total flux normalized correlation equation for predicting single-collector efficiency&#8221; (these data\u00a0can be downloaded at this\u00a0link). In this study a novel total flux normalized correlation equation \u03b7N_MMS is proposed for predicting single-collector efficiency under a [&hellip;]","og_url":"https:\/\/areeweb.polito.it\/ricerca\/groundwater\/it\/software\/etamms2015\/","og_site_name":"Groundwater Engineering Research Group","article_modified_time":"2020-10-14T13:31:26+00:00","og_image":[{"url":"https:\/\/areeweb.polito.it\/ricerca\/groundwater\/wp-content\/uploads\/2020\/03\/ETAMMS2015_gw-300x168.jpg"}],"twitter_card":"summary_large_image","twitter_misc":{"Tempo di lettura stimato":"1 minuto"},"schema":{"@context":"https:\/\/schema.org","@graph":[{"@type":"WebPage","@id":"https:\/\/areeweb.polito.it\/ricerca\/groundwater\/software\/etamms2015\/","url":"https:\/\/areeweb.polito.it\/ricerca\/groundwater\/software\/etamms2015\/","name":"ETAMMS2015 - Groundwater Engineering Research Group","isPartOf":{"@id":"https:\/\/areeweb.polito.it\/ricerca\/groundwater\/it\/#website"},"datePublished":"2017-05-30T09:25:02+00:00","dateModified":"2020-10-14T13:31:26+00:00","breadcrumb":{"@id":"https:\/\/areeweb.polito.it\/ricerca\/groundwater\/software\/etamms2015\/#breadcrumb"},"inLanguage":"it-IT","potentialAction":[{"@type":"ReadAction","target":["https:\/\/areeweb.polito.it\/ricerca\/groundwater\/software\/etamms2015\/"]}]},{"@type":"BreadcrumbList","@id":"https:\/\/areeweb.polito.it\/ricerca\/groundwater\/software\/etamms2015\/#breadcrumb","itemListElement":[{"@type":"ListItem","position":1,"name":"Home","item":"https:\/\/areeweb.polito.it\/ricerca\/groundwater\/"},{"@type":"ListItem","position":2,"name":"Software","item":"https:\/\/areeweb.polito.it\/ricerca\/groundwater\/software\/"},{"@type":"ListItem","position":3,"name":"ETAMMS2015"}]},{"@type":"WebSite","@id":"https:\/\/areeweb.polito.it\/ricerca\/groundwater\/it\/#website","url":"https:\/\/areeweb.polito.it\/ricerca\/groundwater\/it\/","name":"Groundwater Engineering Research Group","description":"","publisher":{"@id":"https:\/\/areeweb.polito.it\/ricerca\/groundwater\/it\/#organization"},"potentialAction":[{"@type":"SearchAction","target":{"@type":"EntryPoint","urlTemplate":"https:\/\/areeweb.polito.it\/ricerca\/groundwater\/it\/?s={search_term_string}"},"query-input":"required name=search_term_string"}],"inLanguage":"it-IT"},{"@type":"Organization","@id":"https:\/\/areeweb.polito.it\/ricerca\/groundwater\/it\/#organization","name":"Politecnico di Torino","url":"https:\/\/areeweb.polito.it\/ricerca\/groundwater\/it\/","logo":{"@type":"ImageObject","inLanguage":"it-IT","@id":"https:\/\/areeweb.polito.it\/ricerca\/groundwater\/it\/#\/schema\/logo\/image\/","url":"https:\/\/areeweb.polito.it\/ricerca\/groundwater\/wp-content\/uploads\/2020\/03\/Logo_GW_bianco_navbar_gw.png","contentUrl":"https:\/\/areeweb.polito.it\/ricerca\/groundwater\/wp-content\/uploads\/2020\/03\/Logo_GW_bianco_navbar_gw.png","width":149,"height":73,"caption":"Politecnico di Torino"},"image":{"@id":"https:\/\/areeweb.polito.it\/ricerca\/groundwater\/it\/#\/schema\/logo\/image\/"}}]}},"_links":{"self":[{"href":"https:\/\/areeweb.polito.it\/ricerca\/groundwater\/it\/wp-json\/wp\/v2\/pages\/342"}],"collection":[{"href":"https:\/\/areeweb.polito.it\/ricerca\/groundwater\/it\/wp-json\/wp\/v2\/pages"}],"about":[{"href":"https:\/\/areeweb.polito.it\/ricerca\/groundwater\/it\/wp-json\/wp\/v2\/types\/page"}],"author":[{"embeddable":true,"href":"https:\/\/areeweb.polito.it\/ricerca\/groundwater\/it\/wp-json\/wp\/v2\/users\/1"}],"replies":[{"embeddable":true,"href":"https:\/\/areeweb.polito.it\/ricerca\/groundwater\/it\/wp-json\/wp\/v2\/comments?post=342"}],"version-history":[{"count":8,"href":"https:\/\/areeweb.polito.it\/ricerca\/groundwater\/it\/wp-json\/wp\/v2\/pages\/342\/revisions"}],"predecessor-version":[{"id":4928,"href":"https:\/\/areeweb.polito.it\/ricerca\/groundwater\/it\/wp-json\/wp\/v2\/pages\/342\/revisions\/4928"}],"up":[{"embeddable":true,"href":"https:\/\/areeweb.polito.it\/ricerca\/groundwater\/it\/wp-json\/wp\/v2\/pages\/399"}],"wp:attachment":[{"href":"https:\/\/areeweb.polito.it\/ricerca\/groundwater\/it\/wp-json\/wp\/v2\/media?parent=342"}],"curies":[{"name":"wp","href":"https:\/\/api.w.org\/{rel}","templated":true}]}}