{"id":388,"date":"2017-05-30T16:32:22","date_gmt":"2017-05-30T15:32:22","guid":{"rendered":"https:\/\/gwpolitoblog.wordpress.com\/?page_id=240"},"modified":"2020-09-15T15:40:48","modified_gmt":"2020-09-15T13:40:48","slug":"mnm1d-2","status":"publish","type":"page","link":"https:\/\/areeweb.polito.it\/ricerca\/groundwater\/it\/software\/mnm1d-2\/","title":{"rendered":"MNM1D"},"content":{"rendered":"<div data-elementor-type=\"wp-page\" data-elementor-id=\"388\" class=\"elementor elementor-388\">\n\t\t\t\t\t\t<div class=\"elementor-inner\">\n\t\t\t\t<div class=\"elementor-section-wrap\">\n\t\t\t\t\t\t\t\t\t<section class=\"elementor-section elementor-top-section elementor-element elementor-element-7ed98c7 elementor-section-stretched elementor-section-boxed elementor-section-height-default elementor-section-height-default\" data-id=\"7ed98c7\" data-element_type=\"section\" data-settings=\"{&quot;background_background&quot;:&quot;classic&quot;,&quot;shape_divider_bottom&quot;:&quot;mountains&quot;,&quot;stretch_section&quot;:&quot;section-stretched&quot;}\">\n\t\t\t\t\t\t\t<div class=\"elementor-background-overlay\"><\/div>\n\t\t\t\t\t\t<div class=\"elementor-shape elementor-shape-bottom\" data-negative=\"false\">\n\t\t\t<svg xmlns=\"http:\/\/www.w3.org\/2000\/svg\" viewbox=\"0 0 1000 100\" preserveaspectratio=\"none\">\n\t<path class=\"elementor-shape-fill\" opacity=\"0.33\" d=\"M473,67.3c-203.9,88.3-263.1-34-320.3,0C66,119.1,0,59.7,0,59.7V0h1000v59.7 c0,0-62.1,26.1-94.9,29.3c-32.8,3.3-62.8-12.3-75.8-22.1C806,49.6,745.3,8.7,694.9,4.7S492.4,59,473,67.3z\"\/>\n\t<path class=\"elementor-shape-fill\" opacity=\"0.66\" d=\"M734,67.3c-45.5,0-77.2-23.2-129.1-39.1c-28.6-8.7-150.3-10.1-254,39.1 s-91.7-34.4-149.2,0C115.7,118.3,0,39.8,0,39.8V0h1000v36.5c0,0-28.2-18.5-92.1-18.5C810.2,18.1,775.7,67.3,734,67.3z\"\/>\n\t<path class=\"elementor-shape-fill\" d=\"M766.1,28.9c-200-57.5-266,65.5-395.1,19.5C242,1.8,242,5.4,184.8,20.6C128,35.8,132.3,44.9,89.9,52.5C28.6,63.7,0,0,0,0 h1000c0,0-9.9,40.9-83.6,48.1S829.6,47,766.1,28.9z\"\/>\n<\/svg>\t\t<\/div>\n\t\t\t\t\t<div class=\"elementor-container elementor-column-gap-default\">\n\t\t\t\t\t\t\t<div class=\"elementor-row\">\n\t\t\t\t\t<div class=\"elementor-column elementor-col-100 elementor-top-column elementor-element elementor-element-1873340\" data-id=\"1873340\" data-element_type=\"column\" data-settings=\"{&quot;background_background&quot;:&quot;classic&quot;}\">\n\t\t\t<div class=\"elementor-column-wrap elementor-element-populated\">\n\t\t\t\t\t\t\t<div class=\"elementor-widget-wrap\">\n\t\t\t\t\t\t<div class=\"elementor-element elementor-element-5d78e95 elementor-widget elementor-widget-spacer\" data-id=\"5d78e95\" data-element_type=\"widget\" data-widget_type=\"spacer.default\">\n\t\t\t\t<div class=\"elementor-widget-container\">\n\t\t\t\t\t<div class=\"elementor-spacer\">\n\t\t\t<div class=\"elementor-spacer-inner\"><\/div>\n\t\t<\/div>\n\t\t\t\t<\/div>\n\t\t\t\t<\/div>\n\t\t\t\t<div class=\"elementor-element elementor-element-5eecd9ef elementor-widget elementor-widget-text-editor\" data-id=\"5eecd9ef\" data-element_type=\"widget\" data-widget_type=\"text-editor.default\">\n\t\t\t\t<div class=\"elementor-widget-container\">\n\t\t\t\t\t\t\t\t<div class=\"elementor-text-editor elementor-clearfix\">\n\t\t\t\t<p><\/p><p style=\"font-size: 12pt;\">MNM1D (Micro-and Nanoparticle transport Model in porous media in 1D geometry) \u00e8 un modello numerico per la simulazione del trasporto di colloidi in mezzi porosi in presenza di condizioni idrochimiche costanti e transitorie. Prende in considerazione fenomeni di deposizione e rilascio, che possono essere modellati con uno o due siti di interazione lineare e\/o di blocking.<\/p><p style=\"font-size: 12pt;\"><span class=\"poliateneot\"><span class=\"polititolo3\"><span class=\"policorpo\">Le equazioni sono risolte usando un approccio alle differenze finite. Il modello \u00e8 implementato in ambiente Matlab ed \u00e8 fornito in una versione criptata (file .p). Per eseguire il software \u00e8 necessario che il programma Matlab sia installato sul PC. I file forniti permettono solamente la simulazione diretta. Per la versione completa con inclusa la simulazione inversa, si prega di contattare tiziana.tosco[at]polito.it.<\/span><\/span><\/span><\/p><p style=\"font-size: 12pt;\">Si vedano le note in bibliografia per ulteriori dettagli.<\/p><p style=\"font-size: 12pt;\"><span class=\"policorpo\"><span style=\"color: #0084c9; font-size: large;\"><b>Scarica l'ultima versione<\/b><\/span><\/span><\/p><p style=\"font-size: 12pt;\"><span class=\"policorpo\"><b>Manuale d'uso:\u00a0<\/b><a href=\"http:\/\/areeweb.polito.it\/ricerca\/groundwater\/wp-content\/uploads\/2017\/05\/mnm1d_user-manual_r09.pdf\">MNM1D R09 reference notes<\/a><\/span><\/p><p style=\"font-size: 12pt;\"><span class=\"policorpo\"><b>Software:\u00a0<\/b><\/span><\/p><p style=\"font-size: 12pt;\"><\/p>\t\t\t\t\t<\/div>\n\t\t\t\t\t\t<\/div>\n\t\t\t\t<\/div>\n\t\t\t\t<div class=\"elementor-element elementor-element-b782cf4 elementor-widget elementor-widget-spacer\" data-id=\"b782cf4\" data-element_type=\"widget\" data-widget_type=\"spacer.default\">\n\t\t\t\t<div class=\"elementor-widget-container\">\n\t\t\t\t\t<div class=\"elementor-spacer\">\n\t\t\t<div class=\"elementor-spacer-inner\"><\/div>\n\t\t<\/div>\n\t\t\t\t<\/div>\n\t\t\t\t<\/div>\n\t\t\t\t\t\t<\/div>\n\t\t\t\t\t<\/div>\n\t\t<\/div>\n\t\t\t\t\t\t\t\t<\/div>\n\t\t\t\t\t<\/div>\n\t\t<\/section>\n\t\t\t\t\t\t\t\t\t<\/div>\n\t\t\t<\/div>\n\t\t\t\t\t<\/div>","protected":false},"excerpt":{"rendered":"<p>MNM1D (Micro-and Nanoparticle transport Model in porous media in 1D geometry) is a numerical model for the simulation of colloid transport\u00a0 in porous media in the presence of both constant and transient hydrochemical conditions. It takes into accounts attachment and detachment phenomena, that can be modeled with one or two [&hellip;]<\/p>","protected":false},"author":1,"featured_media":0,"parent":399,"menu_order":0,"comment_status":"closed","ping_status":"closed","template":"","meta":[],"yoast_head":"<!-- This site is optimized with the Yoast SEO plugin v19.11 - https:\/\/yoast.com\/wordpress\/plugins\/seo\/ -->\n<title>MNM1D - Groundwater Engineering Research Group<\/title>\n<meta name=\"robots\" content=\"index, follow, max-snippet:-1, max-image-preview:large, max-video-preview:-1\" \/>\n<link rel=\"canonical\" href=\"https:\/\/areeweb.polito.it\/ricerca\/groundwater\/it\/software\/mnm1d-2\/\" \/>\n<meta property=\"og:locale\" content=\"it_IT\" \/>\n<meta property=\"og:type\" content=\"article\" \/>\n<meta property=\"og:title\" content=\"MNM1D - Groundwater Engineering Research Group\" \/>\n<meta property=\"og:description\" content=\"MNM1D (Micro-and Nanoparticle transport Model in porous media in 1D geometry) is a numerical model for the simulation of colloid transport\u00a0 in porous media in the presence of both constant and transient hydrochemical conditions. It takes into accounts attachment and detachment phenomena, that can be modeled with one or two [&hellip;]\" \/>\n<meta property=\"og:url\" content=\"https:\/\/areeweb.polito.it\/ricerca\/groundwater\/it\/software\/mnm1d-2\/\" \/>\n<meta property=\"og:site_name\" content=\"Groundwater Engineering Research Group\" \/>\n<meta property=\"article:modified_time\" content=\"2020-09-15T13:40:48+00:00\" \/>\n<meta name=\"twitter:card\" content=\"summary_large_image\" \/>\n<meta name=\"twitter:label1\" content=\"Tempo di lettura stimato\" \/>\n\t<meta name=\"twitter:data1\" content=\"1 minuto\" \/>\n<script type=\"application\/ld+json\" class=\"yoast-schema-graph\">{\"@context\":\"https:\/\/schema.org\",\"@graph\":[{\"@type\":\"WebPage\",\"@id\":\"https:\/\/areeweb.polito.it\/ricerca\/groundwater\/software\/mnm1d-2\/\",\"url\":\"https:\/\/areeweb.polito.it\/ricerca\/groundwater\/software\/mnm1d-2\/\",\"name\":\"MNM1D - Groundwater Engineering Research Group\",\"isPartOf\":{\"@id\":\"https:\/\/areeweb.polito.it\/ricerca\/groundwater\/it\/#website\"},\"datePublished\":\"2017-05-30T15:32:22+00:00\",\"dateModified\":\"2020-09-15T13:40:48+00:00\",\"breadcrumb\":{\"@id\":\"https:\/\/areeweb.polito.it\/ricerca\/groundwater\/software\/mnm1d-2\/#breadcrumb\"},\"inLanguage\":\"it-IT\",\"potentialAction\":[{\"@type\":\"ReadAction\",\"target\":[\"https:\/\/areeweb.polito.it\/ricerca\/groundwater\/software\/mnm1d-2\/\"]}]},{\"@type\":\"BreadcrumbList\",\"@id\":\"https:\/\/areeweb.polito.it\/ricerca\/groundwater\/software\/mnm1d-2\/#breadcrumb\",\"itemListElement\":[{\"@type\":\"ListItem\",\"position\":1,\"name\":\"Home\",\"item\":\"https:\/\/areeweb.polito.it\/ricerca\/groundwater\/\"},{\"@type\":\"ListItem\",\"position\":2,\"name\":\"Software\",\"item\":\"https:\/\/areeweb.polito.it\/ricerca\/groundwater\/software\/\"},{\"@type\":\"ListItem\",\"position\":3,\"name\":\"MNM1D\"}]},{\"@type\":\"WebSite\",\"@id\":\"https:\/\/areeweb.polito.it\/ricerca\/groundwater\/it\/#website\",\"url\":\"https:\/\/areeweb.polito.it\/ricerca\/groundwater\/it\/\",\"name\":\"Groundwater Engineering Research Group\",\"description\":\"\",\"publisher\":{\"@id\":\"https:\/\/areeweb.polito.it\/ricerca\/groundwater\/it\/#organization\"},\"potentialAction\":[{\"@type\":\"SearchAction\",\"target\":{\"@type\":\"EntryPoint\",\"urlTemplate\":\"https:\/\/areeweb.polito.it\/ricerca\/groundwater\/it\/?s={search_term_string}\"},\"query-input\":\"required name=search_term_string\"}],\"inLanguage\":\"it-IT\"},{\"@type\":\"Organization\",\"@id\":\"https:\/\/areeweb.polito.it\/ricerca\/groundwater\/it\/#organization\",\"name\":\"Politecnico di Torino\",\"url\":\"https:\/\/areeweb.polito.it\/ricerca\/groundwater\/it\/\",\"logo\":{\"@type\":\"ImageObject\",\"inLanguage\":\"it-IT\",\"@id\":\"https:\/\/areeweb.polito.it\/ricerca\/groundwater\/it\/#\/schema\/logo\/image\/\",\"url\":\"https:\/\/areeweb.polito.it\/ricerca\/groundwater\/wp-content\/uploads\/2020\/03\/Logo_GW_bianco_navbar_gw.png\",\"contentUrl\":\"https:\/\/areeweb.polito.it\/ricerca\/groundwater\/wp-content\/uploads\/2020\/03\/Logo_GW_bianco_navbar_gw.png\",\"width\":149,\"height\":73,\"caption\":\"Politecnico di Torino\"},\"image\":{\"@id\":\"https:\/\/areeweb.polito.it\/ricerca\/groundwater\/it\/#\/schema\/logo\/image\/\"}}]}<\/script>\n<!-- \/ Yoast SEO plugin. -->","yoast_head_json":{"title":"MNM1D - Groundwater Engineering Research Group","robots":{"index":"index","follow":"follow","max-snippet":"max-snippet:-1","max-image-preview":"max-image-preview:large","max-video-preview":"max-video-preview:-1"},"canonical":"https:\/\/areeweb.polito.it\/ricerca\/groundwater\/it\/software\/mnm1d-2\/","og_locale":"it_IT","og_type":"article","og_title":"MNM1D - Groundwater Engineering Research Group","og_description":"MNM1D (Micro-and Nanoparticle transport Model in porous media in 1D geometry) is a numerical model for the simulation of colloid transport\u00a0 in porous media in the presence of both constant and transient hydrochemical conditions. It takes into accounts attachment and detachment phenomena, that can be modeled with one or two [&hellip;]","og_url":"https:\/\/areeweb.polito.it\/ricerca\/groundwater\/it\/software\/mnm1d-2\/","og_site_name":"Groundwater Engineering Research Group","article_modified_time":"2020-09-15T13:40:48+00:00","twitter_card":"summary_large_image","twitter_misc":{"Tempo di lettura stimato":"1 minuto"},"schema":{"@context":"https:\/\/schema.org","@graph":[{"@type":"WebPage","@id":"https:\/\/areeweb.polito.it\/ricerca\/groundwater\/software\/mnm1d-2\/","url":"https:\/\/areeweb.polito.it\/ricerca\/groundwater\/software\/mnm1d-2\/","name":"MNM1D - Groundwater Engineering Research Group","isPartOf":{"@id":"https:\/\/areeweb.polito.it\/ricerca\/groundwater\/it\/#website"},"datePublished":"2017-05-30T15:32:22+00:00","dateModified":"2020-09-15T13:40:48+00:00","breadcrumb":{"@id":"https:\/\/areeweb.polito.it\/ricerca\/groundwater\/software\/mnm1d-2\/#breadcrumb"},"inLanguage":"it-IT","potentialAction":[{"@type":"ReadAction","target":["https:\/\/areeweb.polito.it\/ricerca\/groundwater\/software\/mnm1d-2\/"]}]},{"@type":"BreadcrumbList","@id":"https:\/\/areeweb.polito.it\/ricerca\/groundwater\/software\/mnm1d-2\/#breadcrumb","itemListElement":[{"@type":"ListItem","position":1,"name":"Home","item":"https:\/\/areeweb.polito.it\/ricerca\/groundwater\/"},{"@type":"ListItem","position":2,"name":"Software","item":"https:\/\/areeweb.polito.it\/ricerca\/groundwater\/software\/"},{"@type":"ListItem","position":3,"name":"MNM1D"}]},{"@type":"WebSite","@id":"https:\/\/areeweb.polito.it\/ricerca\/groundwater\/it\/#website","url":"https:\/\/areeweb.polito.it\/ricerca\/groundwater\/it\/","name":"Groundwater Engineering Research Group","description":"","publisher":{"@id":"https:\/\/areeweb.polito.it\/ricerca\/groundwater\/it\/#organization"},"potentialAction":[{"@type":"SearchAction","target":{"@type":"EntryPoint","urlTemplate":"https:\/\/areeweb.polito.it\/ricerca\/groundwater\/it\/?s={search_term_string}"},"query-input":"required name=search_term_string"}],"inLanguage":"it-IT"},{"@type":"Organization","@id":"https:\/\/areeweb.polito.it\/ricerca\/groundwater\/it\/#organization","name":"Politecnico di Torino","url":"https:\/\/areeweb.polito.it\/ricerca\/groundwater\/it\/","logo":{"@type":"ImageObject","inLanguage":"it-IT","@id":"https:\/\/areeweb.polito.it\/ricerca\/groundwater\/it\/#\/schema\/logo\/image\/","url":"https:\/\/areeweb.polito.it\/ricerca\/groundwater\/wp-content\/uploads\/2020\/03\/Logo_GW_bianco_navbar_gw.png","contentUrl":"https:\/\/areeweb.polito.it\/ricerca\/groundwater\/wp-content\/uploads\/2020\/03\/Logo_GW_bianco_navbar_gw.png","width":149,"height":73,"caption":"Politecnico di Torino"},"image":{"@id":"https:\/\/areeweb.polito.it\/ricerca\/groundwater\/it\/#\/schema\/logo\/image\/"}}]}},"_links":{"self":[{"href":"https:\/\/areeweb.polito.it\/ricerca\/groundwater\/it\/wp-json\/wp\/v2\/pages\/388"}],"collection":[{"href":"https:\/\/areeweb.polito.it\/ricerca\/groundwater\/it\/wp-json\/wp\/v2\/pages"}],"about":[{"href":"https:\/\/areeweb.polito.it\/ricerca\/groundwater\/it\/wp-json\/wp\/v2\/types\/page"}],"author":[{"embeddable":true,"href":"https:\/\/areeweb.polito.it\/ricerca\/groundwater\/it\/wp-json\/wp\/v2\/users\/1"}],"replies":[{"embeddable":true,"href":"https:\/\/areeweb.polito.it\/ricerca\/groundwater\/it\/wp-json\/wp\/v2\/comments?post=388"}],"version-history":[{"count":4,"href":"https:\/\/areeweb.polito.it\/ricerca\/groundwater\/it\/wp-json\/wp\/v2\/pages\/388\/revisions"}],"predecessor-version":[{"id":4804,"href":"https:\/\/areeweb.polito.it\/ricerca\/groundwater\/it\/wp-json\/wp\/v2\/pages\/388\/revisions\/4804"}],"up":[{"embeddable":true,"href":"https:\/\/areeweb.polito.it\/ricerca\/groundwater\/it\/wp-json\/wp\/v2\/pages\/399"}],"wp:attachment":[{"href":"https:\/\/areeweb.polito.it\/ricerca\/groundwater\/it\/wp-json\/wp\/v2\/media?parent=388"}],"curies":[{"name":"wp","href":"https:\/\/api.w.org\/{rel}","templated":true}]}}