{"id":420,"date":"2017-05-30T17:47:36","date_gmt":"2017-05-30T16:47:36","guid":{"rendered":"https:\/\/gwpolitoblog.wordpress.com\/?page_id=314"},"modified":"2020-10-14T15:29:51","modified_gmt":"2020-10-14T13:29:51","slug":"emnm1d","status":"publish","type":"page","link":"https:\/\/areeweb.polito.it\/ricerca\/groundwater\/it\/software\/emnm1d\/","title":{"rendered":"EMNM1D"},"content":{"rendered":"<div data-elementor-type=\"wp-page\" data-elementor-id=\"420\" class=\"elementor elementor-420\">\n\t\t\t\t\t\t<div class=\"elementor-inner\">\n\t\t\t\t<div class=\"elementor-section-wrap\">\n\t\t\t\t\t\t\t\t\t<section class=\"elementor-section elementor-top-section elementor-element elementor-element-5a8814c elementor-section-stretched elementor-section-boxed elementor-section-height-default elementor-section-height-default\" data-id=\"5a8814c\" data-element_type=\"section\" data-settings=\"{&quot;background_background&quot;:&quot;classic&quot;,&quot;shape_divider_bottom&quot;:&quot;mountains&quot;,&quot;stretch_section&quot;:&quot;section-stretched&quot;}\">\n\t\t\t\t\t\t\t<div class=\"elementor-background-overlay\"><\/div>\n\t\t\t\t\t\t<div class=\"elementor-shape elementor-shape-bottom\" data-negative=\"false\">\n\t\t\t<svg xmlns=\"http:\/\/www.w3.org\/2000\/svg\" viewbox=\"0 0 1000 100\" preserveaspectratio=\"none\">\n\t<path class=\"elementor-shape-fill\" opacity=\"0.33\" d=\"M473,67.3c-203.9,88.3-263.1-34-320.3,0C66,119.1,0,59.7,0,59.7V0h1000v59.7 c0,0-62.1,26.1-94.9,29.3c-32.8,3.3-62.8-12.3-75.8-22.1C806,49.6,745.3,8.7,694.9,4.7S492.4,59,473,67.3z\"\/>\n\t<path class=\"elementor-shape-fill\" opacity=\"0.66\" d=\"M734,67.3c-45.5,0-77.2-23.2-129.1-39.1c-28.6-8.7-150.3-10.1-254,39.1 s-91.7-34.4-149.2,0C115.7,118.3,0,39.8,0,39.8V0h1000v36.5c0,0-28.2-18.5-92.1-18.5C810.2,18.1,775.7,67.3,734,67.3z\"\/>\n\t<path class=\"elementor-shape-fill\" d=\"M766.1,28.9c-200-57.5-266,65.5-395.1,19.5C242,1.8,242,5.4,184.8,20.6C128,35.8,132.3,44.9,89.9,52.5C28.6,63.7,0,0,0,0 h1000c0,0-9.9,40.9-83.6,48.1S829.6,47,766.1,28.9z\"\/>\n<\/svg>\t\t<\/div>\n\t\t\t\t\t<div class=\"elementor-container elementor-column-gap-default\">\n\t\t\t\t\t\t\t<div class=\"elementor-row\">\n\t\t\t\t\t<div class=\"elementor-column elementor-col-100 elementor-top-column elementor-element elementor-element-cdaa77e\" data-id=\"cdaa77e\" data-element_type=\"column\" data-settings=\"{&quot;background_background&quot;:&quot;classic&quot;}\">\n\t\t\t<div class=\"elementor-column-wrap elementor-element-populated\">\n\t\t\t\t\t\t\t<div class=\"elementor-widget-wrap\">\n\t\t\t\t\t\t<div class=\"elementor-element elementor-element-d98590b elementor-widget elementor-widget-spacer\" data-id=\"d98590b\" data-element_type=\"widget\" data-widget_type=\"spacer.default\">\n\t\t\t\t<div class=\"elementor-widget-container\">\n\t\t\t\t\t<div class=\"elementor-spacer\">\n\t\t\t<div class=\"elementor-spacer-inner\"><\/div>\n\t\t<\/div>\n\t\t\t\t<\/div>\n\t\t\t\t<\/div>\n\t\t\t\t<div class=\"elementor-element elementor-element-56f909ee elementor-widget elementor-widget-text-editor\" data-id=\"56f909ee\" data-element_type=\"widget\" data-widget_type=\"text-editor.default\">\n\t\t\t\t<div class=\"elementor-widget-container\">\n\t\t\t\t\t\t\t\t<div class=\"elementor-text-editor elementor-clearfix\">\n\t\t\t\t<p><span class=\"policorpo\"><span style=\"color: #000000;\"><img decoding=\"async\" loading=\"lazy\" class=\"alignright wp-image-318\" src=\"http:\/\/areeweb.polito.it\/ricerca\/groundwater\/wp-content\/uploads\/2017\/05\/logo_aquarehab.png\" alt=\"\" width=\"103\" height=\"109\" \/><\/span><\/span><\/p><p style=\"font-size: 12pt;\">E-EMNM1D Enhanced Micro-and Nanoparticle transport Model in porous media in 1D geometry) \u00e8 l'evoluzione di MNM1D, che \u00e8 stato migliorato ed esteso per simulare il trasporto di sospensioni colloidali altamente concentrate dal comportamento non-Newtoniano.<\/p><p style=\"font-size: 12pt;\">Il modello \u00e8 stato sviluppato per la simulazione in 1D dei test in colonna effettuati con micro- e nanoparticelle di ferro usate per la bonifica di acque di falda nell\u2019ambito del progetto di ricerca europeo <a href=\"http:\/\/aquarehab.vito.be\/home\/Pages\/home.aspx\">Aquarehab<\/a>.<\/p><p style=\"font-size: 12pt;\">Il modello prende in considerazione fenomeni di deposizione e rilascio, seguendo uno o due siti di interazione (lineare, blocking, ripening, straining). La natura non-Newtoniana dei fluidi vettori solitamente usati per migliorare la stabilit\u00e0 delle particelle di ferro e i fenomeni di intasamento dovuti alla deposizione di particelle sono simulati.<\/p><p style=\"font-size: 12pt;\">Il modello \u00e8 implementato in ambiente Matlab ed \u00e8 fornito in versione criptata (file .p). Per eseguire il software \u00e8 necessario che il programma Matlab sia installato sul PC.<\/p><h3 style=\"font-size: 16pt;\">Download:<\/h3><p style=\"font-size: 12pt;\"><b>Manuale d'uso: <\/b><a href=\"http:\/\/areeweb.polito.it\/ricerca\/groundwater\/wp-content\/uploads\/2017\/05\/emnm1d_user-manual.pdf\" target=\"_blank\" rel=\"noopener noreferrer\">E-MNM1D R1.0 reference notes<\/a><\/p><p style=\"font-size: 12pt;\"><b>Software: <\/b><a href=\"http:\/\/areeweb.polito.it\/ricerca\/groundwater\/it\/zip\/EMNM1D.zip\/\">Packed files for download<\/a><\/p>\t\t\t\t\t<\/div>\n\t\t\t\t\t\t<\/div>\n\t\t\t\t<\/div>\n\t\t\t\t<div class=\"elementor-element elementor-element-c02907c elementor-widget elementor-widget-spacer\" data-id=\"c02907c\" data-element_type=\"widget\" data-widget_type=\"spacer.default\">\n\t\t\t\t<div class=\"elementor-widget-container\">\n\t\t\t\t\t<div class=\"elementor-spacer\">\n\t\t\t<div class=\"elementor-spacer-inner\"><\/div>\n\t\t<\/div>\n\t\t\t\t<\/div>\n\t\t\t\t<\/div>\n\t\t\t\t\t\t<\/div>\n\t\t\t\t\t<\/div>\n\t\t<\/div>\n\t\t\t\t\t\t\t\t<\/div>\n\t\t\t\t\t<\/div>\n\t\t<\/section>\n\t\t\t\t\t\t\t\t\t<\/div>\n\t\t\t<\/div>\n\t\t\t\t\t<\/div>","protected":false},"excerpt":{"rendered":"<p>E-EMNM1D (Enhanced Micro-and Nanoparticle transport Model in porous media in 1D geometry) is the evolution of MNM1D, which was improved and extended to simulate the transport of highly concentrated, non-Newtonian suspensions of colloidal particles. The model was developed for the 1D simulation of column tests performed with iron micro- and [&hellip;]<\/p>","protected":false},"author":1,"featured_media":0,"parent":399,"menu_order":0,"comment_status":"closed","ping_status":"closed","template":"","meta":[],"yoast_head":"<!-- This site is optimized with the Yoast SEO plugin v19.11 - https:\/\/yoast.com\/wordpress\/plugins\/seo\/ -->\n<title>EMNM1D - Groundwater Engineering Research Group<\/title>\n<meta name=\"robots\" content=\"index, follow, max-snippet:-1, max-image-preview:large, max-video-preview:-1\" \/>\n<link rel=\"canonical\" href=\"https:\/\/areeweb.polito.it\/ricerca\/groundwater\/it\/software\/emnm1d\/\" \/>\n<meta property=\"og:locale\" content=\"it_IT\" \/>\n<meta property=\"og:type\" content=\"article\" \/>\n<meta property=\"og:title\" content=\"EMNM1D - Groundwater Engineering Research Group\" \/>\n<meta property=\"og:description\" content=\"E-EMNM1D (Enhanced Micro-and Nanoparticle transport Model in porous media in 1D geometry) is the evolution of MNM1D, which was improved and extended to simulate the transport of highly concentrated, non-Newtonian suspensions of colloidal particles. The model was developed for the 1D simulation of column tests performed with iron micro- and [&hellip;]\" \/>\n<meta property=\"og:url\" content=\"https:\/\/areeweb.polito.it\/ricerca\/groundwater\/it\/software\/emnm1d\/\" \/>\n<meta property=\"og:site_name\" content=\"Groundwater Engineering Research Group\" \/>\n<meta property=\"article:modified_time\" content=\"2020-10-14T13:29:51+00:00\" \/>\n<meta property=\"og:image\" content=\"http:\/\/areeweb.polito.it\/ricerca\/groundwater\/wp-content\/uploads\/2017\/05\/logo_aquarehab.png\" \/>\n<meta name=\"twitter:card\" content=\"summary_large_image\" \/>\n<meta name=\"twitter:label1\" content=\"Tempo di lettura stimato\" \/>\n\t<meta name=\"twitter:data1\" content=\"1 minuto\" \/>\n<script type=\"application\/ld+json\" class=\"yoast-schema-graph\">{\"@context\":\"https:\/\/schema.org\",\"@graph\":[{\"@type\":\"WebPage\",\"@id\":\"https:\/\/areeweb.polito.it\/ricerca\/groundwater\/software\/emnm1d\/\",\"url\":\"https:\/\/areeweb.polito.it\/ricerca\/groundwater\/software\/emnm1d\/\",\"name\":\"EMNM1D - Groundwater Engineering Research Group\",\"isPartOf\":{\"@id\":\"https:\/\/areeweb.polito.it\/ricerca\/groundwater\/it\/#website\"},\"datePublished\":\"2017-05-30T16:47:36+00:00\",\"dateModified\":\"2020-10-14T13:29:51+00:00\",\"breadcrumb\":{\"@id\":\"https:\/\/areeweb.polito.it\/ricerca\/groundwater\/software\/emnm1d\/#breadcrumb\"},\"inLanguage\":\"it-IT\",\"potentialAction\":[{\"@type\":\"ReadAction\",\"target\":[\"https:\/\/areeweb.polito.it\/ricerca\/groundwater\/software\/emnm1d\/\"]}]},{\"@type\":\"BreadcrumbList\",\"@id\":\"https:\/\/areeweb.polito.it\/ricerca\/groundwater\/software\/emnm1d\/#breadcrumb\",\"itemListElement\":[{\"@type\":\"ListItem\",\"position\":1,\"name\":\"Home\",\"item\":\"https:\/\/areeweb.polito.it\/ricerca\/groundwater\/\"},{\"@type\":\"ListItem\",\"position\":2,\"name\":\"Software\",\"item\":\"https:\/\/areeweb.polito.it\/ricerca\/groundwater\/software\/\"},{\"@type\":\"ListItem\",\"position\":3,\"name\":\"EMNM1D\"}]},{\"@type\":\"WebSite\",\"@id\":\"https:\/\/areeweb.polito.it\/ricerca\/groundwater\/it\/#website\",\"url\":\"https:\/\/areeweb.polito.it\/ricerca\/groundwater\/it\/\",\"name\":\"Groundwater Engineering Research Group\",\"description\":\"\",\"publisher\":{\"@id\":\"https:\/\/areeweb.polito.it\/ricerca\/groundwater\/it\/#organization\"},\"potentialAction\":[{\"@type\":\"SearchAction\",\"target\":{\"@type\":\"EntryPoint\",\"urlTemplate\":\"https:\/\/areeweb.polito.it\/ricerca\/groundwater\/it\/?s={search_term_string}\"},\"query-input\":\"required name=search_term_string\"}],\"inLanguage\":\"it-IT\"},{\"@type\":\"Organization\",\"@id\":\"https:\/\/areeweb.polito.it\/ricerca\/groundwater\/it\/#organization\",\"name\":\"Politecnico di Torino\",\"url\":\"https:\/\/areeweb.polito.it\/ricerca\/groundwater\/it\/\",\"logo\":{\"@type\":\"ImageObject\",\"inLanguage\":\"it-IT\",\"@id\":\"https:\/\/areeweb.polito.it\/ricerca\/groundwater\/it\/#\/schema\/logo\/image\/\",\"url\":\"https:\/\/areeweb.polito.it\/ricerca\/groundwater\/wp-content\/uploads\/2020\/03\/Logo_GW_bianco_navbar_gw.png\",\"contentUrl\":\"https:\/\/areeweb.polito.it\/ricerca\/groundwater\/wp-content\/uploads\/2020\/03\/Logo_GW_bianco_navbar_gw.png\",\"width\":149,\"height\":73,\"caption\":\"Politecnico di Torino\"},\"image\":{\"@id\":\"https:\/\/areeweb.polito.it\/ricerca\/groundwater\/it\/#\/schema\/logo\/image\/\"}}]}<\/script>\n<!-- \/ Yoast SEO plugin. -->","yoast_head_json":{"title":"EMNM1D - Groundwater Engineering Research Group","robots":{"index":"index","follow":"follow","max-snippet":"max-snippet:-1","max-image-preview":"max-image-preview:large","max-video-preview":"max-video-preview:-1"},"canonical":"https:\/\/areeweb.polito.it\/ricerca\/groundwater\/it\/software\/emnm1d\/","og_locale":"it_IT","og_type":"article","og_title":"EMNM1D - Groundwater Engineering Research Group","og_description":"E-EMNM1D (Enhanced Micro-and Nanoparticle transport Model in porous media in 1D geometry) is the evolution of MNM1D, which was improved and extended to simulate the transport of highly concentrated, non-Newtonian suspensions of colloidal particles. The model was developed for the 1D simulation of column tests performed with iron micro- and [&hellip;]","og_url":"https:\/\/areeweb.polito.it\/ricerca\/groundwater\/it\/software\/emnm1d\/","og_site_name":"Groundwater Engineering Research Group","article_modified_time":"2020-10-14T13:29:51+00:00","og_image":[{"url":"http:\/\/areeweb.polito.it\/ricerca\/groundwater\/wp-content\/uploads\/2017\/05\/logo_aquarehab.png"}],"twitter_card":"summary_large_image","twitter_misc":{"Tempo di lettura stimato":"1 minuto"},"schema":{"@context":"https:\/\/schema.org","@graph":[{"@type":"WebPage","@id":"https:\/\/areeweb.polito.it\/ricerca\/groundwater\/software\/emnm1d\/","url":"https:\/\/areeweb.polito.it\/ricerca\/groundwater\/software\/emnm1d\/","name":"EMNM1D - Groundwater Engineering Research Group","isPartOf":{"@id":"https:\/\/areeweb.polito.it\/ricerca\/groundwater\/it\/#website"},"datePublished":"2017-05-30T16:47:36+00:00","dateModified":"2020-10-14T13:29:51+00:00","breadcrumb":{"@id":"https:\/\/areeweb.polito.it\/ricerca\/groundwater\/software\/emnm1d\/#breadcrumb"},"inLanguage":"it-IT","potentialAction":[{"@type":"ReadAction","target":["https:\/\/areeweb.polito.it\/ricerca\/groundwater\/software\/emnm1d\/"]}]},{"@type":"BreadcrumbList","@id":"https:\/\/areeweb.polito.it\/ricerca\/groundwater\/software\/emnm1d\/#breadcrumb","itemListElement":[{"@type":"ListItem","position":1,"name":"Home","item":"https:\/\/areeweb.polito.it\/ricerca\/groundwater\/"},{"@type":"ListItem","position":2,"name":"Software","item":"https:\/\/areeweb.polito.it\/ricerca\/groundwater\/software\/"},{"@type":"ListItem","position":3,"name":"EMNM1D"}]},{"@type":"WebSite","@id":"https:\/\/areeweb.polito.it\/ricerca\/groundwater\/it\/#website","url":"https:\/\/areeweb.polito.it\/ricerca\/groundwater\/it\/","name":"Groundwater Engineering Research Group","description":"","publisher":{"@id":"https:\/\/areeweb.polito.it\/ricerca\/groundwater\/it\/#organization"},"potentialAction":[{"@type":"SearchAction","target":{"@type":"EntryPoint","urlTemplate":"https:\/\/areeweb.polito.it\/ricerca\/groundwater\/it\/?s={search_term_string}"},"query-input":"required name=search_term_string"}],"inLanguage":"it-IT"},{"@type":"Organization","@id":"https:\/\/areeweb.polito.it\/ricerca\/groundwater\/it\/#organization","name":"Politecnico di Torino","url":"https:\/\/areeweb.polito.it\/ricerca\/groundwater\/it\/","logo":{"@type":"ImageObject","inLanguage":"it-IT","@id":"https:\/\/areeweb.polito.it\/ricerca\/groundwater\/it\/#\/schema\/logo\/image\/","url":"https:\/\/areeweb.polito.it\/ricerca\/groundwater\/wp-content\/uploads\/2020\/03\/Logo_GW_bianco_navbar_gw.png","contentUrl":"https:\/\/areeweb.polito.it\/ricerca\/groundwater\/wp-content\/uploads\/2020\/03\/Logo_GW_bianco_navbar_gw.png","width":149,"height":73,"caption":"Politecnico di Torino"},"image":{"@id":"https:\/\/areeweb.polito.it\/ricerca\/groundwater\/it\/#\/schema\/logo\/image\/"}}]}},"_links":{"self":[{"href":"https:\/\/areeweb.polito.it\/ricerca\/groundwater\/it\/wp-json\/wp\/v2\/pages\/420"}],"collection":[{"href":"https:\/\/areeweb.polito.it\/ricerca\/groundwater\/it\/wp-json\/wp\/v2\/pages"}],"about":[{"href":"https:\/\/areeweb.polito.it\/ricerca\/groundwater\/it\/wp-json\/wp\/v2\/types\/page"}],"author":[{"embeddable":true,"href":"https:\/\/areeweb.polito.it\/ricerca\/groundwater\/it\/wp-json\/wp\/v2\/users\/1"}],"replies":[{"embeddable":true,"href":"https:\/\/areeweb.polito.it\/ricerca\/groundwater\/it\/wp-json\/wp\/v2\/comments?post=420"}],"version-history":[{"count":10,"href":"https:\/\/areeweb.polito.it\/ricerca\/groundwater\/it\/wp-json\/wp\/v2\/pages\/420\/revisions"}],"predecessor-version":[{"id":4927,"href":"https:\/\/areeweb.polito.it\/ricerca\/groundwater\/it\/wp-json\/wp\/v2\/pages\/420\/revisions\/4927"}],"up":[{"embeddable":true,"href":"https:\/\/areeweb.polito.it\/ricerca\/groundwater\/it\/wp-json\/wp\/v2\/pages\/399"}],"wp:attachment":[{"href":"https:\/\/areeweb.polito.it\/ricerca\/groundwater\/it\/wp-json\/wp\/v2\/media?parent=420"}],"curies":[{"name":"wp","href":"https:\/\/api.w.org\/{rel}","templated":true}]}}