{"id":5854,"date":"2025-02-07T11:56:14","date_gmt":"2025-02-07T10:56:14","guid":{"rendered":"https:\/\/areeweb.polito.it\/ricerca\/groundwater\/?page_id=5854"},"modified":"2025-03-27T12:46:57","modified_gmt":"2025-03-27T11:46:57","slug":"sete-alcotra-project","status":"publish","type":"page","link":"https:\/\/areeweb.polito.it\/ricerca\/groundwater\/it\/research\/managed-aquifer-recharge-mar\/sete-alcotra-project\/","title":{"rendered":"SeTe ALCOTRA project"},"content":{"rendered":"<div data-elementor-type=\"wp-page\" data-elementor-id=\"5854\" class=\"elementor elementor-5854\">\n\t\t\t\t\t\t<div class=\"elementor-inner\">\n\t\t\t\t<div class=\"elementor-section-wrap\">\n\t\t\t\t\t\t\t\t\t<section class=\"elementor-section elementor-top-section elementor-element elementor-element-b14db1 elementor-section-stretched elementor-section-boxed elementor-section-height-default elementor-section-height-default\" data-id=\"b14db1\" data-element_type=\"section\" data-settings=\"{&quot;stretch_section&quot;:&quot;section-stretched&quot;}\">\n\t\t\t\t\t\t<div class=\"elementor-container elementor-column-gap-default\">\n\t\t\t\t\t\t\t<div class=\"elementor-row\">\n\t\t\t\t\t<div class=\"elementor-column elementor-col-100 elementor-top-column elementor-element elementor-element-397cb5d8\" data-id=\"397cb5d8\" data-element_type=\"column\">\n\t\t\t<div class=\"elementor-column-wrap elementor-element-populated\">\n\t\t\t\t\t\t\t<div class=\"elementor-widget-wrap\">\n\t\t\t\t\t\t<div class=\"elementor-element elementor-element-651aae76 elementor-widget elementor-widget-text-editor\" data-id=\"651aae76\" data-element_type=\"widget\" data-widget_type=\"text-editor.default\">\n\t\t\t\t<div class=\"elementor-widget-container\">\n\t\t\t\t\t\t\t\t<div class=\"elementor-text-editor elementor-clearfix\">\n\t\t\t\t<p><img decoding=\"async\" loading=\"lazy\" src=\"https:\/\/areeweb.polito.it\/ricerca\/groundwater\/wp-content\/uploads\/2025\/02\/LOGO_SETE_gw-1024x242.png\" alt=\"\" width=\"750\" height=\"177\" class=\"aligncenter wp-image-5869 size-large\" srcset=\"https:\/\/areeweb.polito.it\/ricerca\/groundwater\/wp-content\/uploads\/2025\/02\/LOGO_SETE_gw-1024x242.png 1024w, https:\/\/areeweb.polito.it\/ricerca\/groundwater\/wp-content\/uploads\/2025\/02\/LOGO_SETE_gw-300x71.png 300w, https:\/\/areeweb.polito.it\/ricerca\/groundwater\/wp-content\/uploads\/2025\/02\/LOGO_SETE_gw-768x182.png 768w, https:\/\/areeweb.polito.it\/ricerca\/groundwater\/wp-content\/uploads\/2025\/02\/LOGO_SETE_gw-1536x364.png 1536w, https:\/\/areeweb.polito.it\/ricerca\/groundwater\/wp-content\/uploads\/2025\/02\/LOGO_SETE_gw-2048x485.png 2048w, https:\/\/areeweb.polito.it\/ricerca\/groundwater\/wp-content\/uploads\/2025\/02\/LOGO_SETE_gw-18x4.png 18w\" sizes=\"(max-width: 750px) 100vw, 750px\" \/><\/p><p>Il progetto SeTe (S\u00e9cheresse et Territoires) \u00e8 stato sviluppato nell'ambito del programma europeo Interreg ALCOTRA, sotto la guida della Provincia di Imperia e coinvolgendo altri 6 partner provenienti da Italia e Francia, tra cui la Provincia di Cuneo. Il sito web ufficiale del progetto \u00e8 <a href=\"https:\/\/www.interreg-alcotra.eu\/it\/sete-siccita-e-territorio\" rel=\"noopener\" target=\"_blank\">disponibile qui<\/a>.<\/p><p>Il gruppo di ricerca di Ingegneria delle Acque Sotterranee partecipa al progetto in qualit\u00e0 di consulente scientifico dell'Amministrazione Provinciale di Cuneo, svolgendo attivit\u00e0 di caratterizzazione, monitoraggio e modellazione. Le attivit\u00e0 svolte dall'Amministrazione e dal nostro gruppo di ricerca si inquadrano come attivit\u00e0 conoscitiva ai sensi dell'art. 54 del D.Lgs. n. 152\/06 in materia di tutela e bonifica del sottosuolo.<\/p><p>L'obiettivo del progetto \u00e8 promuovere una gestione pi\u00f9 efficiente delle risorse idriche attraverso azioni volte a mitigare i rischi associati a eventi climatici estremi come siccit\u00e0 e alluvioni, sensibilizzando al contempo le comunit\u00e0 locali. Il progetto prevede inoltre un forte coinvolgimento della comunit\u00e0 e degli stakeholder locali, come i consorzi di irrigazione.<\/p><p>Nel corso dell'anno 2022, il Piemonte ha dovuto affrontare le peggiori condizioni di siccit\u00e0 degli ultimi 75 anni, poich\u00e9 la scarsit\u00e0 di precipitazioni \u00e8 iniziata nell'estate del 2021. In risposta, il progetto SeTe ALCOTRA esplora il <strong>fattibilit\u00e0 di azioni pilota MAR in tre diversi siti nella provincia di Cuneo<\/strong>Quest'area, fortemente dipendente da attivit\u00e0 ad alto consumo idrico come l'agricoltura, ha recentemente dovuto far fronte a una carenza idrica in estate, quando la domanda idrica \u00e8 maggiore. Il problema non \u00e8 la disponibilit\u00e0 idrica annuale, ma la sua distribuzione non uniforme nel corso dell'anno.<\/p><p>L'idea progettuale \u00e8 quindi quella di sfruttare l'acqua proveniente dalle Alpi che scorre nella fitta rete di canali della pianura cuneese e che, al di fuori della stagione irrigua, si riversa nei corsi d'acqua superficiali. Quest'acqua pu\u00f2 essere iniettata nel sottosuolo attraverso trincee di infiltrazione o pozzi di iniezione quando non \u00e8 necessaria per l'agricoltura, utilizzando la falda acquifera come riserva e, durante l'estate, sfruttando l'aumento della disponibilit\u00e0 idrica sotterranea che ne consegue. Una peculiarit\u00e0 dell'area \u00e8 la presenza di <em><strong>fontanili<\/strong><\/em>, trincee di drenaggio scavate fin dal Medioevo per bonificare i terreni paludosi drenando le acque sotterranee e rendendole disponibili per gli usi a valle. Il MAR \u00e8 quindi in fase di sperimentazione anche per mitigare la diminuzione della portata dei fontanili osservata durante le siccit\u00e0 estive del 2021 e del 2022.<\/p><div id=\"attachment_5871\" style=\"width: 760px\" class=\"wp-caption aligncenter\"><img decoding=\"async\" loading=\"lazy\" aria-describedby=\"caption-attachment-5871\" src=\"https:\/\/areeweb.polito.it\/ricerca\/groundwater\/wp-content\/uploads\/2025\/02\/fontanili_GW-1024x669.png\" alt=\"\" width=\"750\" height=\"490\" \/><p id=\"caption-attachment-5871\" class=\"wp-caption-text\">Foto di un fontanile in condizioni di siccit\u00e0 (a sinistra) e di un fontanile attivo che drena le acque sotterranee (a destra).<\/p><\/div><div><span style=\"font-size: inherit;\">\u00a0<\/span><\/div><div><p><span style=\"font-size: inherit;\">Le fasi propedeutiche alla realizzazione delle infrastrutture pilota MAR sono la caratterizzazione geologica, idrologica e idrogeologica dell'area, con la raccolta di dati per ricostruire gli effetti climatici sulla risorsa idrica e sulla resa dei fontanili, la caratterizzazione della zona vadosa e dell'acquifero attraverso analisi granulometriche, prove di Lefranc e prove di pompaggio, l'attivazione di una rete di monitoraggio con l'installazione di datalogger di pressione idrica nei pozzi esistenti e nei piezometri di nuova costruzione, rilievi in \u200b\u200bsito per individuare i siti pi\u00f9 idonei all'infiltrazione idrica e la progettazione dei sistemi MAR.<\/span><\/p><\/div><p>Le attivit\u00e0 del progetto sono state finora divulgate in diversi eventi pubblici:<\/p><p><strong><em>Presentazioni orali a conferenze <\/em><\/strong><\/p><ul><li>Algarotti P., Gandolfo M., Casasso A., Vigna B., presentation of the project at a public event on water resources in Morozzo (Cuneo) on April 11, 2024<\/li><li>Taramasso M. A., Secco E., Gandolfo M., Algarotti P., Vigna B., Fiorucci A., Tosco T., Sethi R., Casasso A., <em>Il progetto SeTe-ALCOTRA per studiare la fattibilit\u00e0 e i benefici della ricarica controllata degli acquiferi (MAR) nella pianura cuneese<\/em>, presented at the XVIII GIT Conference in Montereale Valcellina (PN) on June 18, 2024.<\/li><\/ul><p><strong><em>Manifesti del convegno<\/em><\/strong><\/p><ul><li>Taramasso M. A., <em>Study and experimentation of Managed Aquifer Recharge (MAR) in the province of Cuneo<\/em>, PhD Day of Civil and Environmental Engineering, on October 17, 2024, Politecnico di Torino.<\/li><li>Secco E., Taramasso M. A., Gandolfo M., Algarotti P., Vigna B., Fiorucci A., Tosco T., Sethi R., Casasso A., <em>Studio sulla ricarica controllata dell\u2019acquifero (Managed Aquifer Recharge \u2013 MAR) in provincia di Cuneo<\/em>, U-NIGHT, September 27, 2024, Torino.<\/li><\/ul><div><p><span style=\"font-size: inherit;\">\u00a0<\/span><\/p><p><span style=\"font-size: inherit;\">\u00a0<\/span><\/p><h3><\/h3><h3><\/h3><h3><\/h3><h3><\/h3><h3><\/h3><h3><\/h3><h3><\/h3><h3><\/h3><h3><\/h3><h3 style=\"font-size: 18pt;\"><\/h3><\/div>\t\t\t\t\t<\/div>\n\t\t\t\t\t\t<\/div>\n\t\t\t\t<\/div>\n\t\t\t\t\t\t<\/div>\n\t\t\t\t\t<\/div>\n\t\t<\/div>\n\t\t\t\t\t\t\t\t<\/div>\n\t\t\t\t\t<\/div>\n\t\t<\/section>\n\t\t\t\t\t\t\t\t\t<\/div>\n\t\t\t<\/div>\n\t\t\t\t\t<\/div>","protected":false},"excerpt":{"rendered":"<p>The SeTe (S\u00e9cheresse et Territoires) project was developed within the framework of the European Interreg ALCOTRA, under the leadership of the Province Administration of Imperia and involving 6 other partners from Italy and France, among which the Province Administration of Cuneo. The official project website is here. The Groundwater Engineering [&hellip;]<\/p>","protected":false},"author":1,"featured_media":0,"parent":5840,"menu_order":0,"comment_status":"closed","ping_status":"closed","template":"","meta":[],"yoast_head":"<!-- This site is optimized with the Yoast SEO plugin v19.11 - https:\/\/yoast.com\/wordpress\/plugins\/seo\/ -->\n<title>SeTe ALCOTRA project - Groundwater Engineering Research Group<\/title>\n<meta name=\"robots\" content=\"index, follow, max-snippet:-1, max-image-preview:large, max-video-preview:-1\" \/>\n<link rel=\"canonical\" href=\"https:\/\/areeweb.polito.it\/ricerca\/groundwater\/it\/research\/managed-aquifer-recharge-mar\/sete-alcotra-project\/\" \/>\n<meta property=\"og:locale\" content=\"it_IT\" \/>\n<meta property=\"og:type\" content=\"article\" \/>\n<meta property=\"og:title\" content=\"SeTe ALCOTRA project - Groundwater Engineering Research Group\" \/>\n<meta property=\"og:description\" content=\"The SeTe (S\u00e9cheresse et Territoires) project was developed within the framework of the European Interreg ALCOTRA, under the leadership of the Province Administration of Imperia and involving 6 other partners from Italy and France, among which the Province Administration of Cuneo. The official project website is here. The Groundwater Engineering [&hellip;]\" \/>\n<meta property=\"og:url\" content=\"https:\/\/areeweb.polito.it\/ricerca\/groundwater\/it\/research\/managed-aquifer-recharge-mar\/sete-alcotra-project\/\" \/>\n<meta property=\"og:site_name\" content=\"Groundwater Engineering Research Group\" \/>\n<meta property=\"article:modified_time\" content=\"2025-03-27T11:46:57+00:00\" \/>\n<meta property=\"og:image\" content=\"https:\/\/areeweb.polito.it\/ricerca\/groundwater\/wp-content\/uploads\/2025\/02\/LOGO_SETE_gw-1024x242.png\" \/>\n<meta name=\"twitter:card\" content=\"summary_large_image\" \/>\n<meta name=\"twitter:label1\" content=\"Tempo di lettura stimato\" \/>\n\t<meta name=\"twitter:data1\" content=\"4 minuti\" \/>\n<script type=\"application\/ld+json\" class=\"yoast-schema-graph\">{\"@context\":\"https:\/\/schema.org\",\"@graph\":[{\"@type\":\"WebPage\",\"@id\":\"https:\/\/areeweb.polito.it\/ricerca\/groundwater\/research\/managed-aquifer-recharge-mar\/sete-alcotra-project\/\",\"url\":\"https:\/\/areeweb.polito.it\/ricerca\/groundwater\/research\/managed-aquifer-recharge-mar\/sete-alcotra-project\/\",\"name\":\"SeTe ALCOTRA project - Groundwater Engineering Research Group\",\"isPartOf\":{\"@id\":\"https:\/\/areeweb.polito.it\/ricerca\/groundwater\/it\/#website\"},\"datePublished\":\"2025-02-07T10:56:14+00:00\",\"dateModified\":\"2025-03-27T11:46:57+00:00\",\"breadcrumb\":{\"@id\":\"https:\/\/areeweb.polito.it\/ricerca\/groundwater\/research\/managed-aquifer-recharge-mar\/sete-alcotra-project\/#breadcrumb\"},\"inLanguage\":\"it-IT\",\"potentialAction\":[{\"@type\":\"ReadAction\",\"target\":[\"https:\/\/areeweb.polito.it\/ricerca\/groundwater\/research\/managed-aquifer-recharge-mar\/sete-alcotra-project\/\"]}]},{\"@type\":\"BreadcrumbList\",\"@id\":\"https:\/\/areeweb.polito.it\/ricerca\/groundwater\/research\/managed-aquifer-recharge-mar\/sete-alcotra-project\/#breadcrumb\",\"itemListElement\":[{\"@type\":\"ListItem\",\"position\":1,\"name\":\"Home\",\"item\":\"https:\/\/areeweb.polito.it\/ricerca\/groundwater\/\"},{\"@type\":\"ListItem\",\"position\":2,\"name\":\"Research\",\"item\":\"https:\/\/areeweb.polito.it\/ricerca\/groundwater\/research\/\"},{\"@type\":\"ListItem\",\"position\":3,\"name\":\"Managed Aquifer Recharge (MAR)\",\"item\":\"https:\/\/areeweb.polito.it\/ricerca\/groundwater\/research\/managed-aquifer-recharge-mar\/\"},{\"@type\":\"ListItem\",\"position\":4,\"name\":\"SeTe ALCOTRA project\"}]},{\"@type\":\"WebSite\",\"@id\":\"https:\/\/areeweb.polito.it\/ricerca\/groundwater\/it\/#website\",\"url\":\"https:\/\/areeweb.polito.it\/ricerca\/groundwater\/it\/\",\"name\":\"Groundwater Engineering Research Group\",\"description\":\"\",\"publisher\":{\"@id\":\"https:\/\/areeweb.polito.it\/ricerca\/groundwater\/it\/#organization\"},\"potentialAction\":[{\"@type\":\"SearchAction\",\"target\":{\"@type\":\"EntryPoint\",\"urlTemplate\":\"https:\/\/areeweb.polito.it\/ricerca\/groundwater\/it\/?s={search_term_string}\"},\"query-input\":\"required name=search_term_string\"}],\"inLanguage\":\"it-IT\"},{\"@type\":\"Organization\",\"@id\":\"https:\/\/areeweb.polito.it\/ricerca\/groundwater\/it\/#organization\",\"name\":\"Politecnico di Torino\",\"url\":\"https:\/\/areeweb.polito.it\/ricerca\/groundwater\/it\/\",\"logo\":{\"@type\":\"ImageObject\",\"inLanguage\":\"it-IT\",\"@id\":\"https:\/\/areeweb.polito.it\/ricerca\/groundwater\/it\/#\/schema\/logo\/image\/\",\"url\":\"https:\/\/areeweb.polito.it\/ricerca\/groundwater\/wp-content\/uploads\/2020\/03\/Logo_GW_bianco_navbar_gw.png\",\"contentUrl\":\"https:\/\/areeweb.polito.it\/ricerca\/groundwater\/wp-content\/uploads\/2020\/03\/Logo_GW_bianco_navbar_gw.png\",\"width\":149,\"height\":73,\"caption\":\"Politecnico di Torino\"},\"image\":{\"@id\":\"https:\/\/areeweb.polito.it\/ricerca\/groundwater\/it\/#\/schema\/logo\/image\/\"}}]}<\/script>\n<!-- \/ Yoast SEO plugin. -->","yoast_head_json":{"title":"SeTe ALCOTRA project - Groundwater Engineering Research Group","robots":{"index":"index","follow":"follow","max-snippet":"max-snippet:-1","max-image-preview":"max-image-preview:large","max-video-preview":"max-video-preview:-1"},"canonical":"https:\/\/areeweb.polito.it\/ricerca\/groundwater\/it\/research\/managed-aquifer-recharge-mar\/sete-alcotra-project\/","og_locale":"it_IT","og_type":"article","og_title":"SeTe ALCOTRA project - Groundwater Engineering Research Group","og_description":"The SeTe (S\u00e9cheresse et Territoires) project was developed within the framework of the European Interreg ALCOTRA, under the leadership of the Province Administration of Imperia and involving 6 other partners from Italy and France, among which the Province Administration of Cuneo. The official project website is here. The Groundwater Engineering [&hellip;]","og_url":"https:\/\/areeweb.polito.it\/ricerca\/groundwater\/it\/research\/managed-aquifer-recharge-mar\/sete-alcotra-project\/","og_site_name":"Groundwater Engineering Research Group","article_modified_time":"2025-03-27T11:46:57+00:00","og_image":[{"url":"https:\/\/areeweb.polito.it\/ricerca\/groundwater\/wp-content\/uploads\/2025\/02\/LOGO_SETE_gw-1024x242.png"}],"twitter_card":"summary_large_image","twitter_misc":{"Tempo di lettura stimato":"4 minuti"},"schema":{"@context":"https:\/\/schema.org","@graph":[{"@type":"WebPage","@id":"https:\/\/areeweb.polito.it\/ricerca\/groundwater\/research\/managed-aquifer-recharge-mar\/sete-alcotra-project\/","url":"https:\/\/areeweb.polito.it\/ricerca\/groundwater\/research\/managed-aquifer-recharge-mar\/sete-alcotra-project\/","name":"SeTe ALCOTRA project - Groundwater Engineering Research Group","isPartOf":{"@id":"https:\/\/areeweb.polito.it\/ricerca\/groundwater\/it\/#website"},"datePublished":"2025-02-07T10:56:14+00:00","dateModified":"2025-03-27T11:46:57+00:00","breadcrumb":{"@id":"https:\/\/areeweb.polito.it\/ricerca\/groundwater\/research\/managed-aquifer-recharge-mar\/sete-alcotra-project\/#breadcrumb"},"inLanguage":"it-IT","potentialAction":[{"@type":"ReadAction","target":["https:\/\/areeweb.polito.it\/ricerca\/groundwater\/research\/managed-aquifer-recharge-mar\/sete-alcotra-project\/"]}]},{"@type":"BreadcrumbList","@id":"https:\/\/areeweb.polito.it\/ricerca\/groundwater\/research\/managed-aquifer-recharge-mar\/sete-alcotra-project\/#breadcrumb","itemListElement":[{"@type":"ListItem","position":1,"name":"Home","item":"https:\/\/areeweb.polito.it\/ricerca\/groundwater\/"},{"@type":"ListItem","position":2,"name":"Research","item":"https:\/\/areeweb.polito.it\/ricerca\/groundwater\/research\/"},{"@type":"ListItem","position":3,"name":"Managed Aquifer Recharge (MAR)","item":"https:\/\/areeweb.polito.it\/ricerca\/groundwater\/research\/managed-aquifer-recharge-mar\/"},{"@type":"ListItem","position":4,"name":"SeTe ALCOTRA project"}]},{"@type":"WebSite","@id":"https:\/\/areeweb.polito.it\/ricerca\/groundwater\/it\/#website","url":"https:\/\/areeweb.polito.it\/ricerca\/groundwater\/it\/","name":"Groundwater Engineering Research Group","description":"","publisher":{"@id":"https:\/\/areeweb.polito.it\/ricerca\/groundwater\/it\/#organization"},"potentialAction":[{"@type":"SearchAction","target":{"@type":"EntryPoint","urlTemplate":"https:\/\/areeweb.polito.it\/ricerca\/groundwater\/it\/?s={search_term_string}"},"query-input":"required name=search_term_string"}],"inLanguage":"it-IT"},{"@type":"Organization","@id":"https:\/\/areeweb.polito.it\/ricerca\/groundwater\/it\/#organization","name":"Politecnico di Torino","url":"https:\/\/areeweb.polito.it\/ricerca\/groundwater\/it\/","logo":{"@type":"ImageObject","inLanguage":"it-IT","@id":"https:\/\/areeweb.polito.it\/ricerca\/groundwater\/it\/#\/schema\/logo\/image\/","url":"https:\/\/areeweb.polito.it\/ricerca\/groundwater\/wp-content\/uploads\/2020\/03\/Logo_GW_bianco_navbar_gw.png","contentUrl":"https:\/\/areeweb.polito.it\/ricerca\/groundwater\/wp-content\/uploads\/2020\/03\/Logo_GW_bianco_navbar_gw.png","width":149,"height":73,"caption":"Politecnico di Torino"},"image":{"@id":"https:\/\/areeweb.polito.it\/ricerca\/groundwater\/it\/#\/schema\/logo\/image\/"}}]}},"_links":{"self":[{"href":"https:\/\/areeweb.polito.it\/ricerca\/groundwater\/it\/wp-json\/wp\/v2\/pages\/5854"}],"collection":[{"href":"https:\/\/areeweb.polito.it\/ricerca\/groundwater\/it\/wp-json\/wp\/v2\/pages"}],"about":[{"href":"https:\/\/areeweb.polito.it\/ricerca\/groundwater\/it\/wp-json\/wp\/v2\/types\/page"}],"author":[{"embeddable":true,"href":"https:\/\/areeweb.polito.it\/ricerca\/groundwater\/it\/wp-json\/wp\/v2\/users\/1"}],"replies":[{"embeddable":true,"href":"https:\/\/areeweb.polito.it\/ricerca\/groundwater\/it\/wp-json\/wp\/v2\/comments?post=5854"}],"version-history":[{"count":32,"href":"https:\/\/areeweb.polito.it\/ricerca\/groundwater\/it\/wp-json\/wp\/v2\/pages\/5854\/revisions"}],"predecessor-version":[{"id":5935,"href":"https:\/\/areeweb.polito.it\/ricerca\/groundwater\/it\/wp-json\/wp\/v2\/pages\/5854\/revisions\/5935"}],"up":[{"embeddable":true,"href":"https:\/\/areeweb.polito.it\/ricerca\/groundwater\/it\/wp-json\/wp\/v2\/pages\/5840"}],"wp:attachment":[{"href":"https:\/\/areeweb.polito.it\/ricerca\/groundwater\/it\/wp-json\/wp\/v2\/media?parent=5854"}],"curies":[{"name":"wp","href":"https:\/\/api.w.org\/{rel}","templated":true}]}}